{"id":5535,"date":"2025-12-19T13:29:53","date_gmt":"2025-12-19T06:29:53","guid":{"rendered":"https:\/\/wedoocorp.com\/san-pham\/mui-khoan-micro-drill-ns-0-21-x-3-5\/"},"modified":"2025-12-19T13:30:32","modified_gmt":"2025-12-19T06:30:32","slug":"mui-khoan-micro-drill-ns-0-21-x-3-5","status":"publish","type":"product","link":"https:\/\/www.wedoocorp.com\/en\/san-pham\/mui-khoan-micro-drill-ns-0-21-x-3-5\/","title":{"rendered":"M\u0169i khoan Micro Drill NS 0.21 x 3.5"},"content":{"rendered":"<p>&#8211; \u0110\u00e2y l\u00e0 m\u1ed9t lo\u1ea1i m\u0169i khoan d\u00f9ng \u0111\u1ec3 gia c\u00f4ng c\u00e1c l\u1ed7 v\u00e0 r\u00e3nh tr\u00ean b\u1ea3ng m\u1ea1ch \u0111i\u1ec7n t\u1eed nh\u1eb1m ph\u1ee5c v\u1ee5 cho vi\u1ec7c l\u1eafp \u0111\u1eb7t v\u00e0 h\u00e0n c\u00e1c linh ki\u1ec7n c\u1ee7a bo m\u1ea1ch \u0111i\u1ec7n t\u1eed (PCB).<br \/>\n&#8211; M\u0169i khoan n\u00e0y ch\u1ee7 y\u1ebfu \u0111\u01b0\u1ee3c s\u1eed d\u1ee5ng \u0111\u1ec3 quay \u1edf t\u1ed1c \u0111\u1ed9 cao v\u1edbi \u0111\u01b0\u1eddng k\u00ednh nh\u1ecf, l\u00ean \u0111\u1ebfn 0,05 mm.<br \/>\n<img decoding=\"async\" src=\"https:\/\/wedoocorp.com\/wp-content\/uploads\/2025\/12\/1fyyIixO-XsuUNcjH-UnsnTLpKMXzrdOJ.jpeg\"><\/p>\n","protected":false},"excerpt":{"rendered":"<p>M\u0169i khoan Micro Drill NS 0.21 x 3.5 NEOTIS<\/p>\n","protected":false},"featured_media":4764,"comment_status":"closed","ping_status":"open","template":"","meta":[],"product_brand":[],"product_cat":[94,95],"product_tag":[],"class_list":{"0":"post-5535","1":"product","2":"type-product","3":"status-publish","4":"has-post-thumbnail","6":"product_cat-mui-khoan-neotis","7":"product_cat-san-pham-neotis","9":"first","10":"instock","11":"product-type-simple"},"_links":{"self":[{"href":"https:\/\/www.wedoocorp.com\/en\/wp-json\/wp\/v2\/product\/5535","targetHints":{"allow":["GET"]}}],"collection":[{"href":"https:\/\/www.wedoocorp.com\/en\/wp-json\/wp\/v2\/product"}],"about":[{"href":"https:\/\/www.wedoocorp.com\/en\/wp-json\/wp\/v2\/types\/product"}],"replies":[{"embeddable":true,"href":"https:\/\/www.wedoocorp.com\/en\/wp-json\/wp\/v2\/comments?post=5535"}],"wp:featuredmedia":[{"embeddable":true,"href":"https:\/\/www.wedoocorp.com\/en\/wp-json\/wp\/v2\/media\/4764"}],"wp:attachment":[{"href":"https:\/\/www.wedoocorp.com\/en\/wp-json\/wp\/v2\/media?parent=5535"}],"wp:term":[{"taxonomy":"product_brand","embeddable":true,"href":"https:\/\/www.wedoocorp.com\/en\/wp-json\/wp\/v2\/product_brand?post=5535"},{"taxonomy":"product_cat","embeddable":true,"href":"https:\/\/www.wedoocorp.com\/en\/wp-json\/wp\/v2\/product_cat?post=5535"},{"taxonomy":"product_tag","embeddable":true,"href":"https:\/\/www.wedoocorp.com\/en\/wp-json\/wp\/v2\/product_tag?post=5535"}],"curies":[{"name":"wp","href":"https:\/\/api.w.org\/{rel}","templated":true}]}}