{"id":5528,"date":"2025-12-19T13:29:53","date_gmt":"2025-12-19T06:29:53","guid":{"rendered":"https:\/\/wedoocorp.com\/san-pham\/e-to-cuong-luc-pvtm-loai-chinh-thu-cong\/"},"modified":"2025-12-19T13:30:26","modified_gmt":"2025-12-19T06:30:26","slug":"e-to-cuong-luc-pvtm-loai-chinh-thu-cong","status":"publish","type":"product","link":"https:\/\/www.wedoocorp.com\/en\/san-pham\/e-to-cuong-luc-pvtm-loai-chinh-thu-cong\/","title":{"rendered":"\u00ca t\u00f4 c\u01b0\u1eddng l\u1ef1c PVTM (lo\u1ea1i ch\u1ec9nh th\u1ee7 c\u00f4ng)"},"content":{"rendered":"<p>&#8211; \u00ca t\u00f4 Taumax PVTM l\u00e0 d\u00f2ng \u00ea t\u00f4 chuy\u00ean d\u00f9ng cho m\u00e1y phay v\u00e0 m\u00e1y CNC v\u1edbi thi\u1ebft k\u1ebf g\u1ecdn g\u00e0ng, d\u1ec5 s\u1eed d\u1ee5ng v\u00e0 h\u01b0\u1edbng \u0111\u1ebfn s\u1ef1 t\u1ed1i \u01b0u v\u1ec1 chi ph\u00ed \u0111\u1ea7u t\u01b0.<br \/>\n&#8211; S\u1ea3n ph\u1ea9m \u0111\u01b0\u1ee3c ch\u1ebf t\u1ea1o v\u1edbi \u0111\u1ed9 ho\u00e0n thi\u1ec7n t\u1ed1t, b\u1ec1 m\u1eb7t l\u00e0m vi\u1ec7c ph\u1eb3ng, kh\u1ea3 n\u0103ng k\u1eb9p \u1ed5n \u0111\u1ecbnh v\u00e0 ph\u00f9 h\u1ee3p v\u1edbi \u0111a d\u1ea1ng k\u00edch th\u01b0\u1edbc ph\u00f4i.<br \/>\n&#8211; Dung sai chi\u1ec1u cao 0,01 mm, c\u00f3 th\u1ec3 s\u1eed d\u1ee5ng song song<br \/>\n&#8211; Bao g\u1ed3m h\u00e0m ph\u1ee5 In (18T) \/ Out (23T)<br \/>\n<img decoding=\"async\" src=\"https:\/\/wedoocorp.com\/wp-content\/uploads\/2025\/12\/1AdL6K1_BlAimlKv2imo7Tn_FcXav7D4n.png\"><\/p>\n","protected":false},"excerpt":{"rendered":"<p>\u00ca t\u00f4 c\u01b0\u1eddng l\u1ef1c PVTM(lo\u1ea1i ch\u1ec9nh th\u1ee7 c\u00f4ng) TAUMAX<\/p>\n","protected":false},"featured_media":4761,"comment_status":"closed","ping_status":"open","template":"","meta":[],"product_brand":[],"product_cat":[92,93],"product_tag":[],"class_list":{"0":"post-5528","1":"product","2":"type-product","3":"status-publish","4":"has-post-thumbnail","6":"product_cat-e-to-taumax","7":"product_cat-san-pham-taumax","9":"first","10":"instock","11":"product-type-simple"},"_links":{"self":[{"href":"https:\/\/www.wedoocorp.com\/en\/wp-json\/wp\/v2\/product\/5528","targetHints":{"allow":["GET"]}}],"collection":[{"href":"https:\/\/www.wedoocorp.com\/en\/wp-json\/wp\/v2\/product"}],"about":[{"href":"https:\/\/www.wedoocorp.com\/en\/wp-json\/wp\/v2\/types\/product"}],"replies":[{"embeddable":true,"href":"https:\/\/www.wedoocorp.com\/en\/wp-json\/wp\/v2\/comments?post=5528"}],"wp:featuredmedia":[{"embeddable":true,"href":"https:\/\/www.wedoocorp.com\/en\/wp-json\/wp\/v2\/media\/4761"}],"wp:attachment":[{"href":"https:\/\/www.wedoocorp.com\/en\/wp-json\/wp\/v2\/media?parent=5528"}],"wp:term":[{"taxonomy":"product_brand","embeddable":true,"href":"https:\/\/www.wedoocorp.com\/en\/wp-json\/wp\/v2\/product_brand?post=5528"},{"taxonomy":"product_cat","embeddable":true,"href":"https:\/\/www.wedoocorp.com\/en\/wp-json\/wp\/v2\/product_cat?post=5528"},{"taxonomy":"product_tag","embeddable":true,"href":"https:\/\/www.wedoocorp.com\/en\/wp-json\/wp\/v2\/product_tag?post=5528"}],"curies":[{"name":"wp","href":"https:\/\/api.w.org\/{rel}","templated":true}]}}