{"id":5524,"date":"2025-12-19T13:29:53","date_gmt":"2025-12-19T06:29:53","guid":{"rendered":"https:\/\/wedoocorp.com\/san-pham\/e-to-cuong-luc-pvt-loai-tu-dong\/"},"modified":"2025-12-19T13:30:23","modified_gmt":"2025-12-19T06:30:23","slug":"e-to-cuong-luc-pvt-loai-tu-dong","status":"publish","type":"product","link":"https:\/\/www.wedoocorp.com\/en\/san-pham\/e-to-cuong-luc-pvt-loai-tu-dong\/","title":{"rendered":"\u00ca t\u00f4 c\u01b0\u1eddng l\u1ef1c PVT (lo\u1ea1i t\u1ef1 \u0111\u1ed9ng)"},"content":{"rendered":"<p>&#8211; \u00ca t\u00f4 Taumax PVT l\u00e0 d\u00f2ng \u00ea t\u00f4 c\u01b0\u1eddng l\u1ef1c cao c\u1ea5p d\u00e0nh cho m\u00e1y phay v\u00e0 m\u00e1y CNC, \u0111\u01b0\u1ee3c thi\u1ebft k\u1ebf nh\u1eb1m \u0111\u00e1p \u1ee9ng c\u00e1c y\u00eau c\u1ea7u gia c\u00f4ng ch\u00ednh x\u00e1c v\u00e0 \u1ed5n \u0111\u1ecbnh trong m\u00f4i tr\u01b0\u1eddng s\u1ea3n xu\u1ea5t c\u00f4ng nghi\u1ec7p.<br \/>\n&#8211; V\u1edbi k\u1ebft c\u1ea5u th\u00e2n gang ch\u1ecbu l\u1ef1c ch\u1eafc ch\u1eafn, b\u1ec1 m\u1eb7t gia c\u00f4ng ch\u00ednh x\u00e1c v\u00e0 c\u01a1 c\u1ea5u si\u1ebft t\u1ed1i \u01b0u, PVT gi\u00fap gi\u1eef ph\u00f4i v\u1eefng ch\u1eafc, h\u1ea1n ch\u1ebf rung \u0111\u1ed9ng v\u00e0 sai s\u1ed1 trong qu\u00e1 tr\u00ecnh c\u1eaft g\u1ecdt.<br \/>\n&#8211; Dung sai chi\u1ec1u cao 0,01 mm, c\u00f3 th\u1ec3 s\u1eed d\u1ee5ng song song<br \/>\n&#8211; Bao g\u1ed3m h\u00e0m ph\u1ee5 In (18T) \/ Out (23T)<br \/>\n<img decoding=\"async\" src=\"https:\/\/wedoocorp.com\/wp-content\/uploads\/2025\/12\/1QnY2IrVg-Zb26kx-fsGAcqCMrn82CYhE.png\"><\/p>\n","protected":false},"excerpt":{"rendered":"<p>\u00ca t\u00f4 c\u01b0\u1eddng l\u1ef1c PVT(lo\u1ea1i t\u1ef1 \u0111\u1ed9ng) TAUMAX<\/p>\n","protected":false},"featured_media":4758,"comment_status":"closed","ping_status":"open","template":"","meta":[],"product_brand":[],"product_cat":[92,93],"product_tag":[],"class_list":{"0":"post-5524","1":"product","2":"type-product","3":"status-publish","4":"has-post-thumbnail","6":"product_cat-e-to-taumax","7":"product_cat-san-pham-taumax","9":"first","10":"instock","11":"product-type-simple"},"_links":{"self":[{"href":"https:\/\/www.wedoocorp.com\/en\/wp-json\/wp\/v2\/product\/5524","targetHints":{"allow":["GET"]}}],"collection":[{"href":"https:\/\/www.wedoocorp.com\/en\/wp-json\/wp\/v2\/product"}],"about":[{"href":"https:\/\/www.wedoocorp.com\/en\/wp-json\/wp\/v2\/types\/product"}],"replies":[{"embeddable":true,"href":"https:\/\/www.wedoocorp.com\/en\/wp-json\/wp\/v2\/comments?post=5524"}],"wp:featuredmedia":[{"embeddable":true,"href":"https:\/\/www.wedoocorp.com\/en\/wp-json\/wp\/v2\/media\/4758"}],"wp:attachment":[{"href":"https:\/\/www.wedoocorp.com\/en\/wp-json\/wp\/v2\/media?parent=5524"}],"wp:term":[{"taxonomy":"product_brand","embeddable":true,"href":"https:\/\/www.wedoocorp.com\/en\/wp-json\/wp\/v2\/product_brand?post=5524"},{"taxonomy":"product_cat","embeddable":true,"href":"https:\/\/www.wedoocorp.com\/en\/wp-json\/wp\/v2\/product_cat?post=5524"},{"taxonomy":"product_tag","embeddable":true,"href":"https:\/\/www.wedoocorp.com\/en\/wp-json\/wp\/v2\/product_tag?post=5524"}],"curies":[{"name":"wp","href":"https:\/\/api.w.org\/{rel}","templated":true}]}}