{"id":5520,"date":"2025-12-19T13:29:53","date_gmt":"2025-12-19T06:29:53","guid":{"rendered":"https:\/\/wedoocorp.com\/san-pham\/dau-chuyen-goc-mong-bt-sah\/"},"modified":"2025-12-19T13:30:20","modified_gmt":"2025-12-19T06:30:20","slug":"dau-chuyen-goc-mong-bt-sah","status":"publish","type":"product","link":"https:\/\/www.wedoocorp.com\/en\/san-pham\/dau-chuyen-goc-mong-bt-sah\/","title":{"rendered":"\u0110\u1ea7u chuy\u1ec3n g\u00f3c m\u1ecfng BT-SAH"},"content":{"rendered":"<p>&#8211; \u0110\u1ea7u chuy\u1ec3n g\u00f3c m\u1ecfng BT-SAH chuy\u00ean d\u1ee5ng cho gia c\u00f4ng c\u00e1c l\u1ed7 nh\u1ecf v\u00e0 khe h\u1eb9p.<br \/>\n&#8211; \u0110\u00e2y l\u00e0 \u0111\u1ea7u chuy\u1ec3n g\u00f3c xu\u1ea5t s\u1eafc cho c\u00e1c v\u1ecb tr\u00ed gia c\u00f4ng kh\u00f3 kh\u0103n, n\u01a1i c\u00f3 va ch\u1ea1m x\u1ea3y ra, v\u00e0 b\u1ec1 m\u1eb7t m\u00e1y h\u1eb9p, v\u1edbi \u0111\u01b0\u1eddng k\u00ednh trong chi ti\u1ebft t\u1ed1i thi\u1ec3u \u00d840 v\u00e0 chi\u1ec1u r\u1ed9ng c\u1eaft t\u1ed1i thi\u1ec3u 32mm.<br \/>\n&#8211; S\u1eed d\u1ee5ng collet chuy\u00ean d\u1ee5ng \u0111\u1ec3 \u0111\u1ea3m b\u1ea3o gia c\u00f4ng \u1ed5n \u0111\u1ecbnh, h\u1ed7 tr\u1ee3 ph\u1ea1m vi k\u1eb9p d\u1ee5ng c\u1ee5 \u22053~\u22056, nh\u1edd \u0111\u00f3 c\u00f3 th\u1ec3 th\u1ef1c hi\u1ec7n nhi\u1ec1u lo\u1ea1i gia c\u00f4ng kh\u00e1c nhau.<br \/>\n&#8211; H\u1ed7 tr\u1ee3 nhi\u1ec1u khu v\u1ef1c gia c\u00f4ng nh\u01b0 phay, khoan, gia c\u00f4ng c\u1ea1nh, gia c\u00f4ng b\u00ean trong, v.v., ngay c\u1ea3 trong kh\u00f4ng gian h\u1eb9p.<br \/>\n&#8211; S\u1eed d\u1ee5ng \u0111\u1ea7u k\u1eb9p BT50<br \/>\n&#8211; T\u1ed1c \u0111\u1ed9 t\u1ed1i \u0111a 3,500 rpm<br \/>\n<img decoding=\"async\" src=\"https:\/\/wedoocorp.com\/wp-content\/uploads\/2025\/12\/1YXNQV9PTNfPnwFyXXGmIvxgGBdr4pCNr.png\"><\/p>\n","protected":false},"excerpt":{"rendered":"<p>\u0110\u1ea7u chuy\u1ec3n g\u00f3c m\u1ecfng BT-SAH DINOX<\/p>\n","protected":false},"featured_media":4755,"comment_status":"closed","ping_status":"open","template":"","meta":[],"product_brand":[],"product_cat":[90,79],"product_tag":[],"class_list":{"0":"post-5520","1":"product","2":"type-product","3":"status-publish","4":"has-post-thumbnail","6":"product_cat-dau-chuyen-goc-dinox","7":"product_cat-san-pham-dinox","9":"first","10":"instock","11":"product-type-simple"},"_links":{"self":[{"href":"https:\/\/www.wedoocorp.com\/en\/wp-json\/wp\/v2\/product\/5520","targetHints":{"allow":["GET"]}}],"collection":[{"href":"https:\/\/www.wedoocorp.com\/en\/wp-json\/wp\/v2\/product"}],"about":[{"href":"https:\/\/www.wedoocorp.com\/en\/wp-json\/wp\/v2\/types\/product"}],"replies":[{"embeddable":true,"href":"https:\/\/www.wedoocorp.com\/en\/wp-json\/wp\/v2\/comments?post=5520"}],"wp:featuredmedia":[{"embeddable":true,"href":"https:\/\/www.wedoocorp.com\/en\/wp-json\/wp\/v2\/media\/4755"}],"wp:attachment":[{"href":"https:\/\/www.wedoocorp.com\/en\/wp-json\/wp\/v2\/media?parent=5520"}],"wp:term":[{"taxonomy":"product_brand","embeddable":true,"href":"https:\/\/www.wedoocorp.com\/en\/wp-json\/wp\/v2\/product_brand?post=5520"},{"taxonomy":"product_cat","embeddable":true,"href":"https:\/\/www.wedoocorp.com\/en\/wp-json\/wp\/v2\/product_cat?post=5520"},{"taxonomy":"product_tag","embeddable":true,"href":"https:\/\/www.wedoocorp.com\/en\/wp-json\/wp\/v2\/product_tag?post=5520"}],"curies":[{"name":"wp","href":"https:\/\/api.w.org\/{rel}","templated":true}]}}