{"id":5516,"date":"2025-12-19T13:29:53","date_gmt":"2025-12-19T06:29:53","guid":{"rendered":"https:\/\/wedoocorp.com\/san-pham\/dau-chuyen-goc-co-dinh-45-bt-kac\/"},"modified":"2025-12-19T13:30:17","modified_gmt":"2025-12-19T06:30:17","slug":"dau-chuyen-goc-co-dinh-45-bt-kac","status":"publish","type":"product","link":"https:\/\/www.wedoocorp.com\/en\/san-pham\/dau-chuyen-goc-co-dinh-45-bt-kac\/","title":{"rendered":"\u0110\u1ea7u chuy\u1ec3n g\u00f3c c\u1ed1 \u0111\u1ecbnh 45\u00b0 BT-KAC"},"content":{"rendered":"<p>&#8211; \u0110\u1ea7u chuy\u1ec3n g\u00f3c c\u1ed1 \u0111\u1ecbnh 45\u00b0 d\u1ea1ng m\u00f4-\u0111un BT-KAC \u00f3 th\u1ec3 \u0111i\u1ec1u ch\u1ec9nh v\u00e0 s\u1eed d\u1ee5ng linh ho\u1ea1t v\u1edbi g\u00f3c gia c\u00f4ng 360\u02da sang tr\u00e1i v\u00e0 ph\u1ea3i.<br \/>\n&#8211; \u0110\u00e2y l\u00e0 lo\u1ea1i \u0111\u1ea7u g\u00f3c k\u1eb9p d\u1ee5ng c\u1ee5 b\u1eb1ng collet, v\u00e0 c\u00e1c qu\u00e1 tr\u00ecnh gia c\u00f4ng kh\u00e1c nhau c\u00f3 th\u1ec3 th\u1ef1c hi\u1ec7n nh\u1edd h\u1ed7 tr\u1ee3 ph\u1ea1m vi k\u1eb9p d\u1ee5ng c\u1ee5 t\u1eeb \u2205 1 \u0111\u1ebfn \u2205 20.<br \/>\n&#8211; \u0110\u00e2y l\u00e0 \u0111\u1ea7u g\u00f3c v\u1edbi g\u00f3c th\u1eb3ng \u0111\u1ee9ng c\u1ed1 \u0111\u1ecbnh 45\u02da, c\u00f3 th\u1ec3 quay 360\u02da sang tr\u00e1i v\u00e0 ph\u1ea3i, h\u1ed7 tr\u1ee3 nhi\u1ec1u lo\u1ea1i gia c\u00f4ng nh\u01b0 phay v\u00e0 m\u00e1y tr\u01b0\u1ee3t.<br \/>\n&#8211; S\u1eed d\u1ee5ng \u0111\u1ea7u k\u1eb9p BT50<br \/>\n&#8211; S\u1eed d\u1ee5ng collet GERC<br \/>\n&#8211; T\u1ed1c \u0111\u1ed9 t\u1ed1i \u0111a 5,000 rpm<br \/>\n<img decoding=\"async\" src=\"https:\/\/wedoocorp.com\/wp-content\/uploads\/2025\/12\/19PkVnSYMEOR-gCsgpd97vNxvhaQfxt6T.png\"><\/p>\n","protected":false},"excerpt":{"rendered":"<p>\u0110\u1ea7u chuy\u1ec3n g\u00f3c c\u1ed1 \u0111\u1ecbnh 45\u00b0 d\u1ea1ng m\u00f4-\u0111un BT-KAC<\/p>\n","protected":false},"featured_media":4752,"comment_status":"closed","ping_status":"open","template":"","meta":[],"product_brand":[],"product_cat":[90,79],"product_tag":[],"class_list":{"0":"post-5516","1":"product","2":"type-product","3":"status-publish","4":"has-post-thumbnail","6":"product_cat-dau-chuyen-goc-dinox","7":"product_cat-san-pham-dinox","9":"first","10":"instock","11":"product-type-simple"},"_links":{"self":[{"href":"https:\/\/www.wedoocorp.com\/en\/wp-json\/wp\/v2\/product\/5516","targetHints":{"allow":["GET"]}}],"collection":[{"href":"https:\/\/www.wedoocorp.com\/en\/wp-json\/wp\/v2\/product"}],"about":[{"href":"https:\/\/www.wedoocorp.com\/en\/wp-json\/wp\/v2\/types\/product"}],"replies":[{"embeddable":true,"href":"https:\/\/www.wedoocorp.com\/en\/wp-json\/wp\/v2\/comments?post=5516"}],"wp:featuredmedia":[{"embeddable":true,"href":"https:\/\/www.wedoocorp.com\/en\/wp-json\/wp\/v2\/media\/4752"}],"wp:attachment":[{"href":"https:\/\/www.wedoocorp.com\/en\/wp-json\/wp\/v2\/media?parent=5516"}],"wp:term":[{"taxonomy":"product_brand","embeddable":true,"href":"https:\/\/www.wedoocorp.com\/en\/wp-json\/wp\/v2\/product_brand?post=5516"},{"taxonomy":"product_cat","embeddable":true,"href":"https:\/\/www.wedoocorp.com\/en\/wp-json\/wp\/v2\/product_cat?post=5516"},{"taxonomy":"product_tag","embeddable":true,"href":"https:\/\/www.wedoocorp.com\/en\/wp-json\/wp\/v2\/product_tag?post=5516"}],"curies":[{"name":"wp","href":"https:\/\/api.w.org\/{rel}","templated":true}]}}