{"id":5512,"date":"2025-12-19T13:29:53","date_gmt":"2025-12-19T06:29:53","guid":{"rendered":"https:\/\/wedoocorp.com\/san-pham\/dau-chuyen-goc-co-dinh-90-cho-khuon-mau-bt-mah\/"},"modified":"2025-12-19T13:30:14","modified_gmt":"2025-12-19T06:30:14","slug":"dau-chuyen-goc-co-dinh-90-cho-khuon-mau-bt-mah","status":"publish","type":"product","link":"https:\/\/www.wedoocorp.com\/en\/san-pham\/dau-chuyen-goc-co-dinh-90-cho-khuon-mau-bt-mah\/","title":{"rendered":"\u0110\u1ea7u chuy\u1ec3n g\u00f3c c\u1ed1 \u0111\u1ecbnh 90\u00b0 cho khu\u00f4n m\u1eabu BT-MAH"},"content":{"rendered":"<p>&#8211; \u0110\u1ea7u chuy\u1ec3n g\u00f3c c\u1ed1 \u0111\u1ecbnh BT-MAH n\u1ed5i b\u1eadt trong gia c\u00f4ng khu\u00f4n m\u1eabu nh\u1edd c\u1ea3i thi\u1ec7n hi\u1ec7u su\u1ea5t so v\u1edbi c\u00e1c s\u1ea3n ph\u1ea9m lo\u1ea1i \u0111a n\u0103ng hi\u1ec7n c\u00f3.<br \/>\n&#8211; \u0110\u1ea7u chuy\u1ec3n g\u00f3c MAH l\u00e0 lo\u1ea1i kh\u00f3a b\u00ean v\u00e0 c\u00f3 th\u1ec3 s\u1eed d\u1ee5ng v\u1edbi m\u0169i phay ng\u00f3n v\u00e0 m\u0169i phay bi c\u00f3 \u0111\u01b0\u1eddng k\u00ednh d\u1ee5ng c\u1ee5 (D) 32mm.<br \/>\n&#8211; \u0110\u1ea7u g\u00f3c v\u1edbi g\u00f3c c\u1ed1 \u0111\u1ecbnh 90\u02da v\u00e0 c\u00f3 th\u1ec3 quay 360\u02da sang tr\u00e1i v\u00e0 ph\u1ea3i, chuy\u00ean d\u1ee5ng cho gia c\u00f4ng b\u00ean.<br \/>\n&#8211; S\u1eed d\u1ee5ng \u0111\u1ea7u k\u1eb9p BT50<br \/>\n&#8211; C\u00f3 ch\u1ed1t kh\u00f3a b\u00ean c\u1ea1nh<br \/>\n&#8211; T\u1ed1c \u0111\u1ed9 t\u1ed1i \u0111a 3,000 rpm<br \/>\n<img decoding=\"async\" src=\"https:\/\/wedoocorp.com\/wp-content\/uploads\/2025\/12\/1ddKNo264mnXbUXFYdk2S7S3Atpao2Pf8.png\"><\/p>\n","protected":false},"excerpt":{"rendered":"<p>\u0110\u1ea7u chuy\u1ec3n g\u00f3c c\u1ed1 \u0111\u1ecbnh 90\u00b0 cho khu\u00f4n m\u1eabu BT-MAH DINOX<\/p>\n","protected":false},"featured_media":4749,"comment_status":"closed","ping_status":"open","template":"","meta":[],"product_brand":[],"product_cat":[90,79],"product_tag":[],"class_list":{"0":"post-5512","1":"product","2":"type-product","3":"status-publish","4":"has-post-thumbnail","6":"product_cat-dau-chuyen-goc-dinox","7":"product_cat-san-pham-dinox","9":"first","10":"instock","11":"product-type-simple"},"_links":{"self":[{"href":"https:\/\/www.wedoocorp.com\/en\/wp-json\/wp\/v2\/product\/5512","targetHints":{"allow":["GET"]}}],"collection":[{"href":"https:\/\/www.wedoocorp.com\/en\/wp-json\/wp\/v2\/product"}],"about":[{"href":"https:\/\/www.wedoocorp.com\/en\/wp-json\/wp\/v2\/types\/product"}],"replies":[{"embeddable":true,"href":"https:\/\/www.wedoocorp.com\/en\/wp-json\/wp\/v2\/comments?post=5512"}],"wp:featuredmedia":[{"embeddable":true,"href":"https:\/\/www.wedoocorp.com\/en\/wp-json\/wp\/v2\/media\/4749"}],"wp:attachment":[{"href":"https:\/\/www.wedoocorp.com\/en\/wp-json\/wp\/v2\/media?parent=5512"}],"wp:term":[{"taxonomy":"product_brand","embeddable":true,"href":"https:\/\/www.wedoocorp.com\/en\/wp-json\/wp\/v2\/product_brand?post=5512"},{"taxonomy":"product_cat","embeddable":true,"href":"https:\/\/www.wedoocorp.com\/en\/wp-json\/wp\/v2\/product_cat?post=5512"},{"taxonomy":"product_tag","embeddable":true,"href":"https:\/\/www.wedoocorp.com\/en\/wp-json\/wp\/v2\/product_tag?post=5512"}],"curies":[{"name":"wp","href":"https:\/\/api.w.org\/{rel}","templated":true}]}}