{"id":5500,"date":"2025-12-19T13:29:53","date_gmt":"2025-12-19T06:29:53","guid":{"rendered":"https:\/\/wedoocorp.com\/san-pham\/dau-chuyen-goc-kep-collet-bt-khu\/"},"modified":"2025-12-19T13:30:05","modified_gmt":"2025-12-19T06:30:05","slug":"dau-chuyen-goc-kep-collet-bt-khu","status":"publish","type":"product","link":"https:\/\/www.wedoocorp.com\/en\/san-pham\/dau-chuyen-goc-kep-collet-bt-khu\/","title":{"rendered":"\u0110\u1ea7u chuy\u1ec3n g\u00f3c k\u1eb9p collet BT-KHU"},"content":{"rendered":"<p>&#8211; \u0110\u1ea7u chuy\u1ec3n g\u00f3c k\u1eb9p collet BT-KHU cho ph\u00e9p thi\u1ebft l\u1eadp gia c\u00f4ng nhi\u1ec1u g\u00f3c v\u00e0 h\u1ed7 tr\u1ee3 gia c\u00f4ng t\u1ef1 do.<br \/>\n&#8211; \u0110\u00e2y l\u00e0 lo\u1ea1i \u0111\u1ea7u g\u00f3c k\u1eb9p d\u1ee5ng c\u1ee5 b\u1eb1ng collet, v\u00e0 c\u00e1c qu\u00e1 tr\u00ecnh gia c\u00f4ng kh\u00e1c nhau c\u00f3 th\u1ec3 th\u1ef1c hi\u1ec7n b\u1eb1ng c\u00e1ch s\u1eed d\u1ee5ng collet ER th\u00f4ng th\u01b0\u1eddng, h\u1ed7 tr\u1ee3 ph\u1ea1m vi k\u1eb9p d\u1ee5ng c\u1ee5 t\u1eeb \u2205 1 \u0111\u1ebfn \u2205 20.<br \/>\n&#8211; C\u00f3 th\u1ec3 \u0111i\u1ec1u ch\u1ec9nh 90\u02da l\u00ean v\u00e0 xu\u1ed1ng, 360\u02da tr\u00e1i v\u00e0 ph\u1ea3i, do \u0111\u00f3 c\u00f3 th\u1ec3 th\u1ef1c hi\u1ec7n nhi\u1ec1u ch\u1ee9c n\u0103ng gia c\u00f4ng.<br \/>\n&#8211; H\u1ed7 tr\u1ee3 nhi\u1ec1u khu v\u1ef1c gia c\u00f4ng kh\u00e1c nhau nh\u01b0 phay, khoan, taro, gia c\u00f4ng bo g\u00f3c, sao ch\u00e9p gia c\u00f4ng, gia c\u00f4ng nghi\u00eang, v.v.<br \/>\n&#8211; S\u1eed d\u1ee5ng \u0111\u1ea7u k\u1eb9p BT40\/50<br \/>\n&#8211; S\u1eed d\u1ee5ng collet ER<br \/>\n&#8211; C\u00f3 h\u1ec7 th\u1ed1ng l\u00e0m m\u00e1t t\u1eeb b\u00ean trong.<br \/>\n&#8211; T\u1ed1c \u0111\u1ed9 t\u1ed1i \u0111a 6,000 rpm<br \/>\n<img decoding=\"async\" src=\"https:\/\/wedoocorp.com\/wp-content\/uploads\/2025\/12\/11ohwISbL_2-X2Ug3nrYRn1ORtrf_mmeS.png\"><\/p>\n","protected":false},"excerpt":{"rendered":"<p>\u0110\u1ea7u chuy\u1ec3n g\u00f3c k\u1eb9p collet BT-KHU DINOX<\/p>\n","protected":false},"featured_media":4740,"comment_status":"closed","ping_status":"open","template":"","meta":[],"product_brand":[],"product_cat":[90,79],"product_tag":[],"class_list":{"0":"post-5500","1":"product","2":"type-product","3":"status-publish","4":"has-post-thumbnail","6":"product_cat-dau-chuyen-goc-dinox","7":"product_cat-san-pham-dinox","9":"first","10":"instock","11":"product-type-simple"},"_links":{"self":[{"href":"https:\/\/www.wedoocorp.com\/en\/wp-json\/wp\/v2\/product\/5500","targetHints":{"allow":["GET"]}}],"collection":[{"href":"https:\/\/www.wedoocorp.com\/en\/wp-json\/wp\/v2\/product"}],"about":[{"href":"https:\/\/www.wedoocorp.com\/en\/wp-json\/wp\/v2\/types\/product"}],"replies":[{"embeddable":true,"href":"https:\/\/www.wedoocorp.com\/en\/wp-json\/wp\/v2\/comments?post=5500"}],"wp:featuredmedia":[{"embeddable":true,"href":"https:\/\/www.wedoocorp.com\/en\/wp-json\/wp\/v2\/media\/4740"}],"wp:attachment":[{"href":"https:\/\/www.wedoocorp.com\/en\/wp-json\/wp\/v2\/media?parent=5500"}],"wp:term":[{"taxonomy":"product_brand","embeddable":true,"href":"https:\/\/www.wedoocorp.com\/en\/wp-json\/wp\/v2\/product_brand?post=5500"},{"taxonomy":"product_cat","embeddable":true,"href":"https:\/\/www.wedoocorp.com\/en\/wp-json\/wp\/v2\/product_cat?post=5500"},{"taxonomy":"product_tag","embeddable":true,"href":"https:\/\/www.wedoocorp.com\/en\/wp-json\/wp\/v2\/product_tag?post=5500"}],"curies":[{"name":"wp","href":"https:\/\/api.w.org\/{rel}","templated":true}]}}