{"id":5494,"date":"2025-12-19T13:29:53","date_gmt":"2025-12-19T06:29:53","guid":{"rendered":"https:\/\/wedoocorp.com\/san-pham\/dau-chuyen-goc-co-dinh-90-bt-kah\/"},"modified":"2025-12-19T13:29:58","modified_gmt":"2025-12-19T06:29:58","slug":"dau-chuyen-goc-co-dinh-90-bt-kah","status":"publish","type":"product","link":"https:\/\/www.wedoocorp.com\/en\/san-pham\/dau-chuyen-goc-co-dinh-90-bt-kah\/","title":{"rendered":"\u0110\u1ea7u chuy\u1ec3n g\u00f3c c\u1ed1 \u0111\u1ecbnh 90\u00b0 BT-KAH"},"content":{"rendered":"<p>&#8211; \u0110\u1ea7u chuy\u1ec3n g\u00f3c d\u1ea1ng m\u00f4-\u0111un BT-KAH c\u00f3 th\u1ec3 \u0111i\u1ec1u ch\u1ec9nh linh ho\u1ea1t 360\u00b0 theo h\u01b0\u1edbng tr\u00e1i v\u00e0 ph\u1ea3i, cho ph\u00e9p s\u1eed d\u1ee5ng theo nhi\u1ec1u g\u00f3c gia c\u00f4ng kh\u00e1c nhau.<br \/>\n&#8211; \u0110\u00e2y l\u00e0 lo\u1ea1i \u0111\u1ea7u g\u00f3c (angular head) k\u1ebft n\u1ed1i d\u1ee5ng c\u1ee5 th\u00f4ng qua collet, s\u1eed d\u1ee5ng ER collet ti\u00eau chu\u1ea9n v\u00e0 h\u1ed7 tr\u1ee3 d\u1ea3i k\u1eb9p d\u1ee5ng c\u1ee5 t\u1eeb \u00d81 \u0111\u1ebfn \u00d820, cho ph\u00e9p th\u1ef1c hi\u1ec7n nhi\u1ec1u ki\u1ec3u gia c\u00f4ng kh\u00e1c nhau.<br \/>\n&#8211; \u0110\u00e2y l\u00e0 lo\u1ea1i \u0111\u1ea7u g\u00f3c c\u1ed1 \u0111\u1ecbnh 90\u00b0 theo ph\u01b0\u01a1ng th\u1eb3ng \u0111\u1ee9ng, c\u00f3 kh\u1ea3 n\u0103ng xoay 360\u00b0 sang tr\u00e1i v\u00e0 ph\u1ea3i, h\u1ed7 tr\u1ee3 nhi\u1ec1u ph\u01b0\u01a1ng ph\u00e1p gia c\u00f4ng nh\u01b0 phay, khoan, gia c\u00f4ng theo g\u00f3c t\u1ef1 do v\u00e0 gia c\u00f4ng m\u1eb7t trong.<br \/>\n&#8211; S\u1eed d\u1ee5ng \u0111\u1ea7u k\u1eb9p BT30\/40\/50<br \/>\n&#8211; S\u1eed d\u1ee5ng collet ER<br \/>\n&#8211; T\u1ed1c \u0111\u1ed9 t\u1ed1i \u0111a 5,000 rpm<br \/>\n<img decoding=\"async\" src=\"https:\/\/wedoocorp.com\/wp-content\/uploads\/2025\/12\/1MQ-dqpQB5HYLU62xxW891WZQf95pHKYG.png\"><\/p>\n","protected":false},"excerpt":{"rendered":"<p>\u0110\u1ea7u chuy\u1ec3n g\u00f3c c\u1ed1 \u0111\u1ecbnh d\u1ea1ng m\u00f4-\u0111un BT-KAH DINOX<\/p>\n","protected":false},"featured_media":4736,"comment_status":"closed","ping_status":"open","template":"","meta":[],"product_brand":[],"product_cat":[90,79],"product_tag":[],"class_list":{"0":"post-5494","1":"product","2":"type-product","3":"status-publish","4":"has-post-thumbnail","6":"product_cat-dau-chuyen-goc-dinox","7":"product_cat-san-pham-dinox","9":"first","10":"instock","11":"product-type-simple"},"_links":{"self":[{"href":"https:\/\/www.wedoocorp.com\/en\/wp-json\/wp\/v2\/product\/5494","targetHints":{"allow":["GET"]}}],"collection":[{"href":"https:\/\/www.wedoocorp.com\/en\/wp-json\/wp\/v2\/product"}],"about":[{"href":"https:\/\/www.wedoocorp.com\/en\/wp-json\/wp\/v2\/types\/product"}],"replies":[{"embeddable":true,"href":"https:\/\/www.wedoocorp.com\/en\/wp-json\/wp\/v2\/comments?post=5494"}],"wp:featuredmedia":[{"embeddable":true,"href":"https:\/\/www.wedoocorp.com\/en\/wp-json\/wp\/v2\/media\/4736"}],"wp:attachment":[{"href":"https:\/\/www.wedoocorp.com\/en\/wp-json\/wp\/v2\/media?parent=5494"}],"wp:term":[{"taxonomy":"product_brand","embeddable":true,"href":"https:\/\/www.wedoocorp.com\/en\/wp-json\/wp\/v2\/product_brand?post=5494"},{"taxonomy":"product_cat","embeddable":true,"href":"https:\/\/www.wedoocorp.com\/en\/wp-json\/wp\/v2\/product_cat?post=5494"},{"taxonomy":"product_tag","embeddable":true,"href":"https:\/\/www.wedoocorp.com\/en\/wp-json\/wp\/v2\/product_tag?post=5494"}],"curies":[{"name":"wp","href":"https:\/\/api.w.org\/{rel}","templated":true}]}}