{"id":5488,"date":"2025-12-19T13:28:54","date_gmt":"2025-12-19T06:28:54","guid":{"rendered":"https:\/\/wedoocorp.com\/san-pham\/dau-kep-dao-doa-dang-mo-dun-bt-dbc-bt50\/"},"modified":"2025-12-19T13:29:47","modified_gmt":"2025-12-19T06:29:47","slug":"dau-kep-dao-doa-dang-mo-dun-bt-dbc-bt50","status":"publish","type":"product","link":"https:\/\/www.wedoocorp.com\/en\/san-pham\/dau-kep-dao-doa-dang-mo-dun-bt-dbc-bt50\/","title":{"rendered":"\u0110\u1ea7u k\u1eb9p dao doa d\u1ea1ng m\u00f4-\u0111un BT-DBC (BT50)"},"content":{"rendered":"<p>&#8211; \u0110\u1ea7u k\u1eb9p dao doa d\u1ea1ng m\u00f4-\u0111un BT-DBC (BT50) chuy\u00ean d\u1ee5ng \u0111\u1ec3 doa ph\u00e1 th\u00f4 b\u1ec1 m\u1eb7t<br \/>\n&#8211; C\u00f3 kh\u1ea3 n\u0103ng ch\u1ed1ng rung v\u00e0 c\u1ea3i thi\u1ec7n \u0111\u1ed9 nh\u00e1m b\u1ec1 m\u1eb7t gia c\u00f4ng<br \/>\n&#8211; D\u1ea3i \u0111i\u1ec1u ch\u1ec9nh: t\u1ed1i thi\u1ec3u \u00d828 \u2013 t\u1ed1i \u0111a \u00d8175.<br \/>\n&#8211; S\u1eed d\u1ee5ng h\u1ec7 th\u1ed1ng l\u00e0m m\u00e1t t\u1eeb b\u00ean trong.<br \/>\n<img decoding=\"async\" src=\"https:\/\/wedoocorp.com\/wp-content\/uploads\/2025\/12\/1AdoVU1o5EKON8cmgBYYabXIvva6YzHzH.png\"><\/p>\n","protected":false},"excerpt":{"rendered":"<p>\u0110\u1ea7u k\u1eb9p dao doa d\u1ea1ng m\u00f4-\u0111un BT-DBC (BT-50) DINOX<\/p>\n","protected":false},"featured_media":4720,"comment_status":"closed","ping_status":"open","template":"","meta":[],"product_brand":[],"product_cat":[88,79],"product_tag":[],"class_list":{"0":"post-5488","1":"product","2":"type-product","3":"status-publish","4":"has-post-thumbnail","6":"product_cat-dau-kep-dao-doa-dinox","7":"product_cat-san-pham-dinox","9":"first","10":"instock","11":"product-type-simple"},"_links":{"self":[{"href":"https:\/\/www.wedoocorp.com\/en\/wp-json\/wp\/v2\/product\/5488","targetHints":{"allow":["GET"]}}],"collection":[{"href":"https:\/\/www.wedoocorp.com\/en\/wp-json\/wp\/v2\/product"}],"about":[{"href":"https:\/\/www.wedoocorp.com\/en\/wp-json\/wp\/v2\/types\/product"}],"replies":[{"embeddable":true,"href":"https:\/\/www.wedoocorp.com\/en\/wp-json\/wp\/v2\/comments?post=5488"}],"wp:featuredmedia":[{"embeddable":true,"href":"https:\/\/www.wedoocorp.com\/en\/wp-json\/wp\/v2\/media\/4720"}],"wp:attachment":[{"href":"https:\/\/www.wedoocorp.com\/en\/wp-json\/wp\/v2\/media?parent=5488"}],"wp:term":[{"taxonomy":"product_brand","embeddable":true,"href":"https:\/\/www.wedoocorp.com\/en\/wp-json\/wp\/v2\/product_brand?post=5488"},{"taxonomy":"product_cat","embeddable":true,"href":"https:\/\/www.wedoocorp.com\/en\/wp-json\/wp\/v2\/product_cat?post=5488"},{"taxonomy":"product_tag","embeddable":true,"href":"https:\/\/www.wedoocorp.com\/en\/wp-json\/wp\/v2\/product_tag?post=5488"}],"curies":[{"name":"wp","href":"https:\/\/api.w.org\/{rel}","templated":true}]}}