{"id":5466,"date":"2025-12-19T13:28:54","date_gmt":"2025-12-19T06:28:54","guid":{"rendered":"https:\/\/wedoocorp.com\/san-pham\/dau-kep-dao-doa-dang-xoan-bt-dbca-h\/"},"modified":"2025-12-19T13:29:21","modified_gmt":"2025-12-19T06:29:21","slug":"dau-kep-dao-doa-dang-xoan-bt-dbca-h","status":"publish","type":"product","link":"https:\/\/www.wedoocorp.com\/en\/san-pham\/dau-kep-dao-doa-dang-xoan-bt-dbca-h\/","title":{"rendered":"\u0110\u1ea7u k\u1eb9p dao doa d\u1ea1ng xo\u1eafn BT-DBCA-H"},"content":{"rendered":"<p>&#8211; \u0110\u1ea7u k\u1eb9p dao doa d\u1ea1ng xo\u1eafn BT-DBCA-H c\u00f3 kh\u1ea3 n\u0103ng bao ph\u1ee7 nhi\u1ec1u ph\u1ea1m vi doa kh\u00e1c nhau nh\u1edd \u00e1p d\u1ee5ng c\u1ea5u tr\u00fac \u0111i\u1ec1u ch\u1ec9nh \u0111\u1ed3ng th\u1eddi hai chi\u1ec1u \/ m\u1ed9t chi\u1ec1u b\u1eb1ng cartridge.<br \/>\n&#8211;  C\u00f3 kh\u1ea3 n\u0103ng ch\u1ed1ng rung v\u00e0 c\u1ea3i thi\u1ec7n \u0111\u1ed9 nh\u00e1m b\u1ec1 m\u1eb7t gia c\u00f4ng<br \/>\n&#8211; Thi\u1ebft k\u1ebf ph\u1ea7n \u0111\u1ea7u dao c\u00f3 d\u1ea1ng xo\u1eafn (helical) gi\u00fap gi\u1ea3m thi\u1ec3u nguy c\u01a1 g\u00e3y d\u1ee5ng c\u1ee5 v\u00e0 m\u1ea3nh dao do phoi b\u1ecb k\u1eb9t, \u0111\u1ed3ng th\u1eddi t\u1ed1i \u0111a h\u00f3a kh\u1ea3 n\u0103ng tho\u00e1t phoi khi gia c\u00f4ng c\u00e1c l\u1ed7 s\u00e2u.<br \/>\n&#8211; D\u1ea3i \u0111i\u1ec1u ch\u1ec9nh: t\u1ed1i thi\u1ec3u \u00d828 \u2013 t\u1ed1i \u0111a \u00d8136.<br \/>\n<img decoding=\"async\" src=\"https:\/\/wedoocorp.com\/wp-content\/uploads\/2025\/12\/1uZzbyjpmcYBrckGPSTJExZbUVagleB97.png\"><\/p>\n","protected":false},"excerpt":{"rendered":"<p>\u0110\u1ea7u k\u1eb9p dao doa d\u1ea1ng xo\u1eafn BT-DBCA-H DINOX<\/p>\n","protected":false},"featured_media":4720,"comment_status":"closed","ping_status":"open","template":"","meta":[],"product_brand":[],"product_cat":[88,79],"product_tag":[],"class_list":{"0":"post-5466","1":"product","2":"type-product","3":"status-publish","4":"has-post-thumbnail","6":"product_cat-dau-kep-dao-doa-dinox","7":"product_cat-san-pham-dinox","9":"first","10":"instock","11":"product-type-simple"},"_links":{"self":[{"href":"https:\/\/www.wedoocorp.com\/en\/wp-json\/wp\/v2\/product\/5466","targetHints":{"allow":["GET"]}}],"collection":[{"href":"https:\/\/www.wedoocorp.com\/en\/wp-json\/wp\/v2\/product"}],"about":[{"href":"https:\/\/www.wedoocorp.com\/en\/wp-json\/wp\/v2\/types\/product"}],"replies":[{"embeddable":true,"href":"https:\/\/www.wedoocorp.com\/en\/wp-json\/wp\/v2\/comments?post=5466"}],"wp:featuredmedia":[{"embeddable":true,"href":"https:\/\/www.wedoocorp.com\/en\/wp-json\/wp\/v2\/media\/4720"}],"wp:attachment":[{"href":"https:\/\/www.wedoocorp.com\/en\/wp-json\/wp\/v2\/media?parent=5466"}],"wp:term":[{"taxonomy":"product_brand","embeddable":true,"href":"https:\/\/www.wedoocorp.com\/en\/wp-json\/wp\/v2\/product_brand?post=5466"},{"taxonomy":"product_cat","embeddable":true,"href":"https:\/\/www.wedoocorp.com\/en\/wp-json\/wp\/v2\/product_cat?post=5466"},{"taxonomy":"product_tag","embeddable":true,"href":"https:\/\/www.wedoocorp.com\/en\/wp-json\/wp\/v2\/product_tag?post=5466"}],"curies":[{"name":"wp","href":"https:\/\/api.w.org\/{rel}","templated":true}]}}