{"id":5462,"date":"2025-12-19T13:28:54","date_gmt":"2025-12-19T06:28:54","guid":{"rendered":"https:\/\/wedoocorp.com\/san-pham\/dau-kep-dao-doa-loai-chong-rung-hsk-fbh-d\/"},"modified":"2025-12-19T13:29:16","modified_gmt":"2025-12-19T06:29:16","slug":"dau-kep-dao-doa-loai-chong-rung-hsk-fbh-d","status":"publish","type":"product","link":"https:\/\/www.wedoocorp.com\/en\/san-pham\/dau-kep-dao-doa-loai-chong-rung-hsk-fbh-d\/","title":{"rendered":"\u0110\u1ea7u k\u1eb9p dao doa lo\u1ea1i ch\u1ed1ng rung HSK-FBH\/D"},"content":{"rendered":"<p>&#8211; \u0110\u1ea7u k\u1eb9p dao doa ch\u1ed1ng rung HSK-FBH\/D c\u00f3 th\u1ec3 gia c\u00f4ng \u1ed5n \u0111\u1ecbnh tr\u00ean c\u00e1c l\u1ed7 s\u00e2u qua h\u1ec7 th\u1ed1ng gi\u1ea3m ch\u1ea5n (t\u1ed1i \u0111a 6D)<br \/>\n&#8211; \u0110\u01b0\u1eddng k\u00ednh nh\u1ecf nh\u1ea5t (\u00d826) c\u00f3 th\u1ec3 gia c\u00f4ng theo t\u1ef7 l\u1ec7 6D (\u0111\u1ed9 s\u00e2u c\u1eaft t\u1ed1i \u0111a L = 160 mm)<br \/>\n&#8211; H\u1ed7 tr\u1ee3 c\u1ea3 l\u00e0m m\u00e1t b\u00ean trong v\u00e0 l\u00e0m m\u00e1t b\u00ean ngo\u00e0i<br \/>\n<img decoding=\"async\" src=\"https:\/\/wedoocorp.com\/wp-content\/uploads\/2025\/12\/1zlbyGg7XCwb6Rqp6yNUKGns3nSC0BBKr.png\"><\/p>\n","protected":false},"excerpt":{"rendered":"<p>\u0110\u1ea7u k\u1eb9p dao doa ch\u1ed1ng rung HSK-FHB\/D DINOX<\/p>\n","protected":false},"featured_media":4715,"comment_status":"closed","ping_status":"open","template":"","meta":[],"product_brand":[],"product_cat":[88,79],"product_tag":[],"class_list":{"0":"post-5462","1":"product","2":"type-product","3":"status-publish","4":"has-post-thumbnail","6":"product_cat-dau-kep-dao-doa-dinox","7":"product_cat-san-pham-dinox","9":"first","10":"instock","11":"product-type-simple"},"_links":{"self":[{"href":"https:\/\/www.wedoocorp.com\/en\/wp-json\/wp\/v2\/product\/5462","targetHints":{"allow":["GET"]}}],"collection":[{"href":"https:\/\/www.wedoocorp.com\/en\/wp-json\/wp\/v2\/product"}],"about":[{"href":"https:\/\/www.wedoocorp.com\/en\/wp-json\/wp\/v2\/types\/product"}],"replies":[{"embeddable":true,"href":"https:\/\/www.wedoocorp.com\/en\/wp-json\/wp\/v2\/comments?post=5462"}],"wp:featuredmedia":[{"embeddable":true,"href":"https:\/\/www.wedoocorp.com\/en\/wp-json\/wp\/v2\/media\/4715"}],"wp:attachment":[{"href":"https:\/\/www.wedoocorp.com\/en\/wp-json\/wp\/v2\/media?parent=5462"}],"wp:term":[{"taxonomy":"product_brand","embeddable":true,"href":"https:\/\/www.wedoocorp.com\/en\/wp-json\/wp\/v2\/product_brand?post=5462"},{"taxonomy":"product_cat","embeddable":true,"href":"https:\/\/www.wedoocorp.com\/en\/wp-json\/wp\/v2\/product_cat?post=5462"},{"taxonomy":"product_tag","embeddable":true,"href":"https:\/\/www.wedoocorp.com\/en\/wp-json\/wp\/v2\/product_tag?post=5462"}],"curies":[{"name":"wp","href":"https:\/\/api.w.org\/{rel}","templated":true}]}}