{"id":5432,"date":"2025-12-19T13:28:00","date_gmt":"2025-12-19T06:28:00","guid":{"rendered":"https:\/\/wedoocorp.com\/san-pham\/dau-kep-gan-dai-phay-nt-fma\/"},"modified":"2025-12-19T13:28:43","modified_gmt":"2025-12-19T06:28:43","slug":"dau-kep-gan-dai-phay-nt-fma","status":"publish","type":"product","link":"https:\/\/www.wedoocorp.com\/en\/san-pham\/dau-kep-gan-dai-phay-nt-fma\/","title":{"rendered":"\u0110\u1ea7u k\u1eb9p g\u1eafn \u0111\u00e0i phay NT-FMA"},"content":{"rendered":"<p>&#8211; \u0110\u1ea7u k\u1eb9p g\u1eafn \u0111\u00e0i dao phay kh\u1ecfa m\u1eb7t NT-FMA \u0111\u01b0\u1ee3c s\u1eed d\u1ee5ng \u0111\u1ec3 k\u1eb9p \u0111\u00e0i dao phay kh\u1ecfa m\u1eb7t c\u00f3 \u0111\u01b0\u1eddng k\u00ednh t\u1eeb 80-200mm<br \/>\n&#8211; S\u1eed d\u1ee5ng \u0111\u1ea7u k\u1eb9p NT40\/50<br \/>\n<img decoding=\"async\" src=\"https:\/\/wedoocorp.com\/wp-content\/uploads\/2025\/12\/1i_KvWoWB4UhWOzfa1HCFD-F4qMh1X5DS.png\"><\/p>\n","protected":false},"excerpt":{"rendered":"<p>\u0110\u1ea7u k\u1eb9p g\u1eafn \u0111\u00e0i dao phay kh\u1ecfa m\u1eb7t  BT-FMA DINOX<\/p>\n","protected":false},"featured_media":4695,"comment_status":"closed","ping_status":"open","template":"","meta":[],"product_brand":[],"product_cat":[86,79],"product_tag":[],"class_list":{"0":"post-5432","1":"product","2":"type-product","3":"status-publish","4":"has-post-thumbnail","6":"product_cat-dau-kep-gan-dai-phay-dinox","7":"product_cat-san-pham-dinox","9":"first","10":"instock","11":"product-type-simple"},"_links":{"self":[{"href":"https:\/\/www.wedoocorp.com\/en\/wp-json\/wp\/v2\/product\/5432","targetHints":{"allow":["GET"]}}],"collection":[{"href":"https:\/\/www.wedoocorp.com\/en\/wp-json\/wp\/v2\/product"}],"about":[{"href":"https:\/\/www.wedoocorp.com\/en\/wp-json\/wp\/v2\/types\/product"}],"replies":[{"embeddable":true,"href":"https:\/\/www.wedoocorp.com\/en\/wp-json\/wp\/v2\/comments?post=5432"}],"wp:featuredmedia":[{"embeddable":true,"href":"https:\/\/www.wedoocorp.com\/en\/wp-json\/wp\/v2\/media\/4695"}],"wp:attachment":[{"href":"https:\/\/www.wedoocorp.com\/en\/wp-json\/wp\/v2\/media?parent=5432"}],"wp:term":[{"taxonomy":"product_brand","embeddable":true,"href":"https:\/\/www.wedoocorp.com\/en\/wp-json\/wp\/v2\/product_brand?post=5432"},{"taxonomy":"product_cat","embeddable":true,"href":"https:\/\/www.wedoocorp.com\/en\/wp-json\/wp\/v2\/product_cat?post=5432"},{"taxonomy":"product_tag","embeddable":true,"href":"https:\/\/www.wedoocorp.com\/en\/wp-json\/wp\/v2\/product_tag?post=5432"}],"curies":[{"name":"wp","href":"https:\/\/api.w.org\/{rel}","templated":true}]}}