{"id":5418,"date":"2025-12-19T13:28:00","date_gmt":"2025-12-19T06:28:00","guid":{"rendered":"https:\/\/wedoocorp.com\/san-pham\/dau-kep-dao-phay-bt-sla\/"},"modified":"2025-12-19T13:28:34","modified_gmt":"2025-12-19T06:28:34","slug":"dau-kep-dao-phay-bt-sla","status":"publish","type":"product","link":"https:\/\/www.wedoocorp.com\/en\/san-pham\/dau-kep-dao-phay-bt-sla\/","title":{"rendered":"\u0110\u1ea7u k\u1eb9p dao phay BT-SLA"},"content":{"rendered":"<p>&#8211; \u0110\u1ea7u k\u1eb9p dao phay BT-SLA c\u00f3 ch\u1ed1t kh\u00f3a c\u1ea1nh b\u00ean gi\u00fap c\u1ed1 \u0111\u1ecbnh m\u0169i khoan m\u00e0 kh\u00f4ng c\u1ea7n s\u1eed d\u1ee5ng collet.<br \/>\n&#8211; \u01afu \u0111i\u1ec3m: d\u1ec5 th\u00e1o l\u1eafp, \u0111\u1ed9 c\u1eefng v\u1eefng cao<br \/>\n&#8211; S\u1eed d\u1ee5ng h\u1ec7 th\u1ed1ng l\u00e0m m\u00e1t b\u00ean trong.<br \/>\n&#8211; Ph\u1ea1m vi k\u1eb9p dao \u00d8D= 6-42mm<br \/>\n&#8211; S\u1eed d\u1ee5ng \u0111\u1ea7u k\u1eb9p BT30\/40\/50<br \/>\n<img decoding=\"async\" src=\"https:\/\/wedoocorp.com\/wp-content\/uploads\/2025\/12\/1yRIWZP7TvfgAYSzv70hlh8IEwk51eswO.png\"><\/p>\n","protected":false},"excerpt":{"rendered":"<p>\u0110\u1ea7u k\u1eb9p dao phay c\u00f3 ch\u1ed1t c\u1ea1nh BT-SLA DINOX<\/p>\n","protected":false},"featured_media":4687,"comment_status":"closed","ping_status":"open","template":"","meta":[],"product_brand":[],"product_cat":[82,79],"product_tag":[],"class_list":{"0":"post-5418","1":"product","2":"type-product","3":"status-publish","4":"has-post-thumbnail","6":"product_cat-dau-kep-dao-dinox","7":"product_cat-san-pham-dinox","9":"first","10":"instock","11":"product-type-simple"},"_links":{"self":[{"href":"https:\/\/www.wedoocorp.com\/en\/wp-json\/wp\/v2\/product\/5418","targetHints":{"allow":["GET"]}}],"collection":[{"href":"https:\/\/www.wedoocorp.com\/en\/wp-json\/wp\/v2\/product"}],"about":[{"href":"https:\/\/www.wedoocorp.com\/en\/wp-json\/wp\/v2\/types\/product"}],"replies":[{"embeddable":true,"href":"https:\/\/www.wedoocorp.com\/en\/wp-json\/wp\/v2\/comments?post=5418"}],"wp:featuredmedia":[{"embeddable":true,"href":"https:\/\/www.wedoocorp.com\/en\/wp-json\/wp\/v2\/media\/4687"}],"wp:attachment":[{"href":"https:\/\/www.wedoocorp.com\/en\/wp-json\/wp\/v2\/media?parent=5418"}],"wp:term":[{"taxonomy":"product_brand","embeddable":true,"href":"https:\/\/www.wedoocorp.com\/en\/wp-json\/wp\/v2\/product_brand?post=5418"},{"taxonomy":"product_cat","embeddable":true,"href":"https:\/\/www.wedoocorp.com\/en\/wp-json\/wp\/v2\/product_cat?post=5418"},{"taxonomy":"product_tag","embeddable":true,"href":"https:\/\/www.wedoocorp.com\/en\/wp-json\/wp\/v2\/product_tag?post=5418"}],"curies":[{"name":"wp","href":"https:\/\/api.w.org\/{rel}","templated":true}]}}