{"id":5415,"date":"2025-12-19T13:28:00","date_gmt":"2025-12-19T06:28:00","guid":{"rendered":"https:\/\/wedoocorp.com\/san-pham\/dau-kep-mui-taro-s-dtn\/"},"modified":"2025-12-19T13:28:30","modified_gmt":"2025-12-19T06:28:30","slug":"dau-kep-mui-taro-s-dtn","status":"publish","type":"product","link":"https:\/\/www.wedoocorp.com\/en\/san-pham\/dau-kep-mui-taro-s-dtn\/","title":{"rendered":"\u0110\u1ea7u k\u1eb9p m\u0169i taro S-DTN"},"content":{"rendered":"<p>&#8211; \u0110\u1ea7u k\u1eb9p taro S-DTN c\u00f3 th\u1ec3 h\u1ed7 tr\u1ee3 d\u1ea3i gia c\u00f4ng t\u1eeb M3 \u0111\u1ebfn M38 b\u1eb1ng c\u00e1ch thay th\u1ebf adapter taro.<br \/>\n&#8211; Adapter \u0111\u01b0\u1ee3c trang b\u1ecb thi\u1ebft b\u1ecb c\u0103ng v\u00e0 co b\u00ean trong \u0111\u1ea7u k\u1eb9p, gi\u00fap gi\u1ea3m thi\u1ec3u h\u01b0 h\u1ecfng trong qu\u00e1 tr\u00ecnh taro.<br \/>\n&#8211; Cung c\u1ea5p \u0111\u1ed9 ch\u00ednh x\u00e1c cao v\u00e0 tu\u1ed5i th\u1ecd d\u1ee5ng c\u1ee5 d\u00e0i, ph\u01b0\u01a1ng ph\u00e1p thay adapter m\u1ed9t ch\u1ea1m (One-Touch) cho ph\u00e9p thay adapter nhanh ch\u00f3ng cho t\u1eebng m\u0169i taro v\u00e0 d\u1ec5 d\u00e0ng gia c\u00f4ng nhi\u1ec1u k\u00edch th\u01b0\u1edbc kh\u00e1c nhau.<br \/>\n&#8211; Ph\u1ea1m vi k\u1eb9p dao \u00d8D=M3-M38<br \/>\n&#8211; S\u1eed d\u1ee5ng \u0111\u1ea7u k\u1eb9p S32<br \/>\n&#8211; S\u1eed d\u1ee5ng tap adapter<br \/>\n<img decoding=\"async\" src=\"https:\/\/wedoocorp.com\/wp-content\/uploads\/2025\/12\/1V6aze2kYHvdDdWlmYP5cy7f2ayw3ZlNj.png\"><\/p>\n","protected":false},"excerpt":{"rendered":"<p>\u0110\u1ea7u k\u1eb9p m\u0169i taro S-DTN DINOX<\/p>\n","protected":false},"featured_media":4682,"comment_status":"closed","ping_status":"open","template":"","meta":[],"product_brand":[],"product_cat":[84,79],"product_tag":[],"class_list":{"0":"post-5415","1":"product","2":"type-product","3":"status-publish","4":"has-post-thumbnail","6":"product_cat-dau-kep-mui-taro-dinox","7":"product_cat-san-pham-dinox","9":"first","10":"instock","11":"product-type-simple"},"_links":{"self":[{"href":"https:\/\/www.wedoocorp.com\/en\/wp-json\/wp\/v2\/product\/5415","targetHints":{"allow":["GET"]}}],"collection":[{"href":"https:\/\/www.wedoocorp.com\/en\/wp-json\/wp\/v2\/product"}],"about":[{"href":"https:\/\/www.wedoocorp.com\/en\/wp-json\/wp\/v2\/types\/product"}],"replies":[{"embeddable":true,"href":"https:\/\/www.wedoocorp.com\/en\/wp-json\/wp\/v2\/comments?post=5415"}],"wp:featuredmedia":[{"embeddable":true,"href":"https:\/\/www.wedoocorp.com\/en\/wp-json\/wp\/v2\/media\/4682"}],"wp:attachment":[{"href":"https:\/\/www.wedoocorp.com\/en\/wp-json\/wp\/v2\/media?parent=5415"}],"wp:term":[{"taxonomy":"product_brand","embeddable":true,"href":"https:\/\/www.wedoocorp.com\/en\/wp-json\/wp\/v2\/product_brand?post=5415"},{"taxonomy":"product_cat","embeddable":true,"href":"https:\/\/www.wedoocorp.com\/en\/wp-json\/wp\/v2\/product_cat?post=5415"},{"taxonomy":"product_tag","embeddable":true,"href":"https:\/\/www.wedoocorp.com\/en\/wp-json\/wp\/v2\/product_tag?post=5415"}],"curies":[{"name":"wp","href":"https:\/\/api.w.org\/{rel}","templated":true}]}}