{"id":5409,"date":"2025-12-19T13:28:00","date_gmt":"2025-12-19T06:28:00","guid":{"rendered":"https:\/\/wedoocorp.com\/san-pham\/dau-kep-mui-taro-sk-dst\/"},"modified":"2025-12-19T13:28:24","modified_gmt":"2025-12-19T06:28:24","slug":"dau-kep-mui-taro-sk-dst","status":"publish","type":"product","link":"https:\/\/www.wedoocorp.com\/en\/san-pham\/dau-kep-mui-taro-sk-dst\/","title":{"rendered":"\u0110\u1ea7u k\u1eb9p m\u0169i taro SK-DST"},"content":{"rendered":"<p>&#8211; \u0110\u1ea7u k\u1eb9p taro \u0111\u1ed3ng b\u1ed9 t\u1ed1c \u0111\u1ed9 cao SK-DST gi\u00fap n\u00e2ng cao n\u0103ng su\u1ea5t v\u00e0 ch\u1ea5t l\u01b0\u1ee3ng gia c\u00f4ng nh\u1edd \u0111\u01b0\u1ee3c trang b\u1ecb kh\u1ea3 n\u0103ng gia c\u00f4ng t\u1ed1c \u0111\u1ed9 cao v\u00e0 ch\u1ee9c n\u0103ng k\u1eb9p c\u1ee9ng (rigid tapping)<br \/>\n&#8211; C\u1ea5u tr\u00fac thi\u1ebft k\u1ebf \u0111\u1eb7c bi\u1ec7t gi\u00fap b\u00f9 sai l\u1ec7ch \u0111\u1ed3ng b\u1ed9, gi\u1ea3m t\u1ea3i gia c\u00f4ng theo ph\u01b0\u01a1ng d\u1ecdc tr\u1ee5c, t\u1eeb \u0111\u00f3 gi\u1ea3m thi\u1ec3u hi\u1ec7n t\u01b0\u1ee3ng g\u00e3y m\u0169i taro v\u00e0 n\u00e2ng cao tu\u1ed5i th\u1ecd d\u1ee5ng c\u1ee5 taro.<br \/>\n&#8211; Collet d\u1ea1ng l\u1ed7 vu\u00f4ng (TER) gi\u00fap ng\u0103n m\u0169i taro b\u1ecb tr\u01b0\u1ee3t, \u0111\u1ed3ng th\u1eddi c\u1ea3i thi\u1ec7n \u0111\u1ed9 nh\u00e1m b\u1ec1 m\u1eb7t ren sau khi taro.<br \/>\n&#8211; Ph\u1ea1m vi k\u1eb9p dao \u00d8D=M1-M22<br \/>\n&#8211; S\u1eed d\u1ee5ng \u0111\u1ea7u k\u1eb9p SK30\/40\/50<br \/>\n&#8211; S\u1eed d\u1ee5ng collet TER<br \/>\n<img decoding=\"async\" src=\"https:\/\/wedoocorp.com\/wp-content\/uploads\/2025\/12\/1QuS6kVjBAlDPoOujQR6eSKNbt2zmrNxg.png\"><\/p>\n","protected":false},"excerpt":{"rendered":"<p>\u0110\u1ea7u k\u1eb9p m\u0169i taro t\u1ed1c \u0111\u1ed9 cao SK-DST DINOX<\/p>\n","protected":false},"featured_media":4677,"comment_status":"closed","ping_status":"open","template":"","meta":[],"product_brand":[],"product_cat":[84,79],"product_tag":[],"class_list":{"0":"post-5409","1":"product","2":"type-product","3":"status-publish","4":"has-post-thumbnail","6":"product_cat-dau-kep-mui-taro-dinox","7":"product_cat-san-pham-dinox","9":"first","10":"instock","11":"product-type-simple"},"_links":{"self":[{"href":"https:\/\/www.wedoocorp.com\/en\/wp-json\/wp\/v2\/product\/5409","targetHints":{"allow":["GET"]}}],"collection":[{"href":"https:\/\/www.wedoocorp.com\/en\/wp-json\/wp\/v2\/product"}],"about":[{"href":"https:\/\/www.wedoocorp.com\/en\/wp-json\/wp\/v2\/types\/product"}],"replies":[{"embeddable":true,"href":"https:\/\/www.wedoocorp.com\/en\/wp-json\/wp\/v2\/comments?post=5409"}],"wp:featuredmedia":[{"embeddable":true,"href":"https:\/\/www.wedoocorp.com\/en\/wp-json\/wp\/v2\/media\/4677"}],"wp:attachment":[{"href":"https:\/\/www.wedoocorp.com\/en\/wp-json\/wp\/v2\/media?parent=5409"}],"wp:term":[{"taxonomy":"product_brand","embeddable":true,"href":"https:\/\/www.wedoocorp.com\/en\/wp-json\/wp\/v2\/product_brand?post=5409"},{"taxonomy":"product_cat","embeddable":true,"href":"https:\/\/www.wedoocorp.com\/en\/wp-json\/wp\/v2\/product_cat?post=5409"},{"taxonomy":"product_tag","embeddable":true,"href":"https:\/\/www.wedoocorp.com\/en\/wp-json\/wp\/v2\/product_tag?post=5409"}],"curies":[{"name":"wp","href":"https:\/\/api.w.org\/{rel}","templated":true}]}}