{"id":5400,"date":"2025-12-19T13:28:00","date_gmt":"2025-12-19T06:28:00","guid":{"rendered":"https:\/\/wedoocorp.com\/san-pham\/dau-kep-dao-phay-hsk-gsk\/"},"modified":"2025-12-19T13:28:14","modified_gmt":"2025-12-19T06:28:14","slug":"dau-kep-dao-phay-hsk-gsk","status":"publish","type":"product","link":"https:\/\/www.wedoocorp.com\/en\/san-pham\/dau-kep-dao-phay-hsk-gsk\/","title":{"rendered":"\u0110\u1ea7u k\u1eb9p dao phay HSK-GSK"},"content":{"rendered":"<p>&#8211; \u0110\u1ea7u k\u1eb9p collet th\u00e2n m\u1ea3nh t\u1ed1c \u0111\u1ed9 cao GSK c\u00f3 th\u1ec3 gia c\u00f4ng \u1edf t\u1ed1c \u0111\u1ed9 l\u00ean t\u1edbi 25.000 v\u00f2ng\/ph\u00fat, \u0111\u1ea1t \u0111\u1ed9 c\u00e2n b\u1eb1ng G2.5, gi\u00fap \u0111\u1ea3m b\u1ea3o \u0111\u1ed9 \u1ed5n \u0111\u1ecbnh khi gia c\u00f4ng v\u00e0 n\u00e2ng cao n\u0103ng su\u1ea5t.<br \/>\n&#8211; H\u1ed7 tr\u1ee3 nhi\u1ec1u ph\u01b0\u01a1ng ph\u00e1p gia c\u00f4ng nh\u01b0 khoan, phay tinh, doa, taro, phay, v\u00e1t m\u00e9p, v.v.<br \/>\n&#8211; Nh\u1edd \u00e1p d\u1ee5ng collet g\u00f3c 8\u02da, collet HC gi\u00fap gi\u1ea3m thi\u1ec3u rung \u0111\u1ed9ng c\u1ee7a d\u1ee5ng c\u1ee5 trong qu\u00e1 tr\u00ecnh gia c\u00f4ng.<br \/>\n&#8211; Ph\u1ea1m vi k\u1eb9p dao \u00d8D=3-25mm<br \/>\n&#8211; S\u1eed d\u1ee5ng \u0111\u1ea7u k\u1eb9p HSK63A\/100A<br \/>\n&#8211; S\u1eed d\u1ee5ng collet HC g\u00f3c 8 \u0111\u1ed9<br \/>\n<img decoding=\"async\" src=\"https:\/\/wedoocorp.com\/wp-content\/uploads\/2025\/12\/1Pz7pdJSNzvoNRNPs3ly0A7A2_KQkN-ii.png\"><\/p>\n","protected":false},"excerpt":{"rendered":"<p>\u0110\u1ea7u k\u1eb9p dao phay th\u00e2n m\u1ea3nh HSK-GSK DINOX<\/p>\n","protected":false},"featured_media":4672,"comment_status":"closed","ping_status":"open","template":"","meta":[],"product_brand":[],"product_cat":[82,79],"product_tag":[],"class_list":{"0":"post-5400","1":"product","2":"type-product","3":"status-publish","4":"has-post-thumbnail","6":"product_cat-dau-kep-dao-dinox","7":"product_cat-san-pham-dinox","9":"first","10":"instock","11":"product-type-simple"},"_links":{"self":[{"href":"https:\/\/www.wedoocorp.com\/en\/wp-json\/wp\/v2\/product\/5400","targetHints":{"allow":["GET"]}}],"collection":[{"href":"https:\/\/www.wedoocorp.com\/en\/wp-json\/wp\/v2\/product"}],"about":[{"href":"https:\/\/www.wedoocorp.com\/en\/wp-json\/wp\/v2\/types\/product"}],"replies":[{"embeddable":true,"href":"https:\/\/www.wedoocorp.com\/en\/wp-json\/wp\/v2\/comments?post=5400"}],"wp:featuredmedia":[{"embeddable":true,"href":"https:\/\/www.wedoocorp.com\/en\/wp-json\/wp\/v2\/media\/4672"}],"wp:attachment":[{"href":"https:\/\/www.wedoocorp.com\/en\/wp-json\/wp\/v2\/media?parent=5400"}],"wp:term":[{"taxonomy":"product_brand","embeddable":true,"href":"https:\/\/www.wedoocorp.com\/en\/wp-json\/wp\/v2\/product_brand?post=5400"},{"taxonomy":"product_cat","embeddable":true,"href":"https:\/\/www.wedoocorp.com\/en\/wp-json\/wp\/v2\/product_cat?post=5400"},{"taxonomy":"product_tag","embeddable":true,"href":"https:\/\/www.wedoocorp.com\/en\/wp-json\/wp\/v2\/product_tag?post=5400"}],"curies":[{"name":"wp","href":"https:\/\/api.w.org\/{rel}","templated":true}]}}