{"id":5392,"date":"2025-12-19T13:28:00","date_gmt":"2025-12-19T06:28:00","guid":{"rendered":"https:\/\/wedoocorp.com\/san-pham\/dau-kep-dao-phay-bt-dsk\/"},"modified":"2025-12-19T13:28:08","modified_gmt":"2025-12-19T06:28:08","slug":"dau-kep-dao-phay-bt-dsk","status":"publish","type":"product","link":"https:\/\/www.wedoocorp.com\/en\/san-pham\/dau-kep-dao-phay-bt-dsk\/","title":{"rendered":"\u0110\u1ea7u k\u1eb9p dao phay BT-DSK"},"content":{"rendered":"<p>&#8211; \u0110\u1ea7u k\u1eb9p collet th\u00e2n m\u1ea3nh DSK c\u00f3 th\u1ec3 gia c\u00f4ng \u1edf t\u1ed1c \u0111\u1ed9 l\u00ean t\u1edbi 15.000 v\u00f2ng\/ph\u00fat, \u0111\u1ea1t \u0111\u1ed9 c\u00e2n b\u1eb1ng G6.3, v\u00e0 ph\u00f9 h\u1ee3p v\u1edbi nhi\u1ec1u \u1ee9ng d\u1ee5ng t\u1eeb gia c\u00f4ng ch\u00ednh x\u00e1c \u0111\u1ebfn gia c\u00f4ng th\u00f4 t\u1ea3i n\u1eb7ng.<br \/>\n&#8211; H\u1ed7 tr\u1ee3 nhi\u1ec1u ph\u01b0\u01a1ng ph\u00e1p gia c\u00f4ng nh\u01b0 khoan, phay tinh, doa, taro, phay, v\u00e1t m\u00e9p, v.v.<br \/>\n&#8211; Nh\u1edd \u00e1p d\u1ee5ng collet g\u00f3c 8\u02da, collet HC gi\u00fap gi\u1ea3m thi\u1ec3u rung \u0111\u1ed9ng c\u1ee7a d\u1ee5ng c\u1ee5 trong qu\u00e1 tr\u00ecnh gia c\u00f4ng.<br \/>\n&#8211; Ph\u1ea1m vi k\u1eb9p dao \u00d8D=3-25mm<br \/>\n&#8211; S\u1eed d\u1ee5ng \u0111\u1ea7u k\u1eb9p BT30\/40\/50<br \/>\n&#8211; S\u1eed d\u1ee5ng collet HC g\u00f3c 8 \u0111\u1ed9<br \/>\n<img decoding=\"async\" src=\"https:\/\/wedoocorp.com\/wp-content\/uploads\/2025\/12\/1i-BP-ODou4JE_bpAdMACByC998mv2l4G.png\"><\/p>\n","protected":false},"excerpt":{"rendered":"<p>\u0110\u1ea7u k\u1eb9p dao phay th\u00e2n m\u1ea3nh BT-DSK DINOX<\/p>\n","protected":false},"featured_media":4669,"comment_status":"closed","ping_status":"open","template":"","meta":[],"product_brand":[],"product_cat":[82,79],"product_tag":[],"class_list":{"0":"post-5392","1":"product","2":"type-product","3":"status-publish","4":"has-post-thumbnail","6":"product_cat-dau-kep-dao-dinox","7":"product_cat-san-pham-dinox","9":"first","10":"instock","11":"product-type-simple"},"_links":{"self":[{"href":"https:\/\/www.wedoocorp.com\/en\/wp-json\/wp\/v2\/product\/5392","targetHints":{"allow":["GET"]}}],"collection":[{"href":"https:\/\/www.wedoocorp.com\/en\/wp-json\/wp\/v2\/product"}],"about":[{"href":"https:\/\/www.wedoocorp.com\/en\/wp-json\/wp\/v2\/types\/product"}],"replies":[{"embeddable":true,"href":"https:\/\/www.wedoocorp.com\/en\/wp-json\/wp\/v2\/comments?post=5392"}],"wp:featuredmedia":[{"embeddable":true,"href":"https:\/\/www.wedoocorp.com\/en\/wp-json\/wp\/v2\/media\/4669"}],"wp:attachment":[{"href":"https:\/\/www.wedoocorp.com\/en\/wp-json\/wp\/v2\/media?parent=5392"}],"wp:term":[{"taxonomy":"product_brand","embeddable":true,"href":"https:\/\/www.wedoocorp.com\/en\/wp-json\/wp\/v2\/product_brand?post=5392"},{"taxonomy":"product_cat","embeddable":true,"href":"https:\/\/www.wedoocorp.com\/en\/wp-json\/wp\/v2\/product_cat?post=5392"},{"taxonomy":"product_tag","embeddable":true,"href":"https:\/\/www.wedoocorp.com\/en\/wp-json\/wp\/v2\/product_tag?post=5392"}],"curies":[{"name":"wp","href":"https:\/\/api.w.org\/{rel}","templated":true}]}}