{"id":5378,"date":"2025-12-19T13:26:58","date_gmt":"2025-12-19T06:26:58","guid":{"rendered":"https:\/\/wedoocorp.com\/san-pham\/dau-kep-dao-phay-sk-npm\/"},"modified":"2025-12-19T13:27:48","modified_gmt":"2025-12-19T06:27:48","slug":"dau-kep-dao-phay-sk-npm","status":"publish","type":"product","link":"https:\/\/www.wedoocorp.com\/en\/san-pham\/dau-kep-dao-phay-sk-npm\/","title":{"rendered":"\u0110\u1ea7u k\u1eb9p dao phay SK-NPM"},"content":{"rendered":"<p>&#8211; \u0110\u1ea7u k\u1eb9p dao phay SK-NPM cho ph\u00e9p h\u1ea5p th\u1ee5 rung \u0111\u1ed9ng v\u00e0 v\u1eadn h\u00e0nh \u1ed5n \u0111\u1ecbnh trong qu\u00e1 tr\u00ecnh phay nh\u1edd l\u1ef1c k\u1eb9p m\u1ea1nh m\u1ebd.<br \/>\n&#8211; K\u1ebft c\u1ea5u cho ph\u00e9p si\u1ebft dao d\u1ec5 d\u00e0ng b\u1eb1ng c\u1edd l\u00ea (spanner), v\u00e0 v\u00f2ng bi th\u00e9p \u0111\u1eb7c bi\u1ec7t trong \u0111\u1ea7u k\u1eb9p phay gi\u00fap ph\u00e2n b\u1ed1 t\u1ea3i tr\u1ecdng khi k\u1eb9p\/nh\u1ea3, t\u1eeb \u0111\u00f3 \u0111\u1ea1t l\u1ef1c k\u1eb9p l\u00ean t\u1edbi 500 kgf\u00b7m.<br \/>\n&#8211; Ph\u1ea1m vi k\u1eb9p dao \u00d8D=20-42mm<br \/>\n&#8211; S\u1eed d\u1ee5ng \u0111\u1ea7u k\u1eb9p SK40\/50<br \/>\n&#8211; S\u1eed dung c\u00e1c Collet tr\u1ee5 DC; DCS; DCJ<br \/>\n<img decoding=\"async\" src=\"https:\/\/wedoocorp.com\/wp-content\/uploads\/2025\/12\/1d-k5TpidP0_qim1Rf5ug5Jdb-ZhGBHdu.png\"><\/p>\n","protected":false},"excerpt":{"rendered":"<p>\u0110\u1ea7u k\u1eb9p dao phay SK-NPM DINOX<\/p>\n","protected":false},"featured_media":4656,"comment_status":"closed","ping_status":"open","template":"","meta":[],"product_brand":[],"product_cat":[82,79],"product_tag":[],"class_list":{"0":"post-5378","1":"product","2":"type-product","3":"status-publish","4":"has-post-thumbnail","6":"product_cat-dau-kep-dao-dinox","7":"product_cat-san-pham-dinox","9":"first","10":"instock","11":"product-type-simple"},"_links":{"self":[{"href":"https:\/\/www.wedoocorp.com\/en\/wp-json\/wp\/v2\/product\/5378","targetHints":{"allow":["GET"]}}],"collection":[{"href":"https:\/\/www.wedoocorp.com\/en\/wp-json\/wp\/v2\/product"}],"about":[{"href":"https:\/\/www.wedoocorp.com\/en\/wp-json\/wp\/v2\/types\/product"}],"replies":[{"embeddable":true,"href":"https:\/\/www.wedoocorp.com\/en\/wp-json\/wp\/v2\/comments?post=5378"}],"wp:featuredmedia":[{"embeddable":true,"href":"https:\/\/www.wedoocorp.com\/en\/wp-json\/wp\/v2\/media\/4656"}],"wp:attachment":[{"href":"https:\/\/www.wedoocorp.com\/en\/wp-json\/wp\/v2\/media?parent=5378"}],"wp:term":[{"taxonomy":"product_brand","embeddable":true,"href":"https:\/\/www.wedoocorp.com\/en\/wp-json\/wp\/v2\/product_brand?post=5378"},{"taxonomy":"product_cat","embeddable":true,"href":"https:\/\/www.wedoocorp.com\/en\/wp-json\/wp\/v2\/product_cat?post=5378"},{"taxonomy":"product_tag","embeddable":true,"href":"https:\/\/www.wedoocorp.com\/en\/wp-json\/wp\/v2\/product_tag?post=5378"}],"curies":[{"name":"wp","href":"https:\/\/api.w.org\/{rel}","templated":true}]}}