{"id":5366,"date":"2025-12-19T13:26:58","date_gmt":"2025-12-19T06:26:58","guid":{"rendered":"https:\/\/wedoocorp.com\/san-pham\/dau-kep-nhiet-sk-dsc-m\/"},"modified":"2025-12-19T13:27:34","modified_gmt":"2025-12-19T06:27:34","slug":"dau-kep-nhiet-sk-dsc-m","status":"publish","type":"product","link":"https:\/\/www.wedoocorp.com\/en\/san-pham\/dau-kep-nhiet-sk-dsc-m\/","title":{"rendered":"\u0110\u1ea7u k\u1eb9p nhi\u1ec7t SK-DSC\/M"},"content":{"rendered":"<p>&#8211; D\u00f2ng s\u1ea3n ph\u1ea9m \u0111\u1ea7u k\u1eb9p nhi\u1ec7t SK-DSC\/M \u0111\u01b0\u1ee3c thi\u1ebft k\u1ebf th\u00e2n m\u1ea3nh, chuy\u00ean d\u1ee5ng cho gia c\u00f4ng r\u00e3nh s\u00e2u tr\u00ean m\u00e1y CNC 5 tr\u1ee5c<br \/>\n&#8211; Gi\u1ea3m thi\u1ec3u s\u1ef1 va ch\u1ea1m nh\u1edd thi\u1ebft k\u1ebf th\u00e2n m\u1ea3nh.<br \/>\n&#8211; S\u1eed d\u1ee5ng th\u00e9p x\u1eed l\u00fd nhi\u1ec7t \u0111\u1eb7c bi\u1ec7t, qua \u0111\u00f3 \u0111\u1ea3m b\u1ea3o s\u1ef1 c\u1ee9ng v\u1eefng v\u00e0 kh\u1ea3 n\u0103ng ch\u1ecbu nhi\u1ec7t t\u1ed1i.<br \/>\n&#8211; Ph\u1ea1m vi k\u1eb9p dao \u00d8D=6-20mm<br \/>\n&#8211; S\u1eed d\u1ee5ng \u0111\u1ea7u k\u1eb9p SK40<br \/>\n&#8211; T\u1ed1c \u0111\u1ed9 quay t\u1ed1i \u0111a 20,000 rpm<br \/>\n<img decoding=\"async\" src=\"https:\/\/wedoocorp.com\/wp-content\/uploads\/2025\/12\/19VbkVB6LfO1-ejbaq4mw1S9DnSf7eGZj.png\"><\/p>\n","protected":false},"excerpt":{"rendered":"<p>\u0110\u1ea7u k\u1eb9p nhi\u1ec7t SK-DSC\/M DINOX<\/p>\n","protected":false},"featured_media":4648,"comment_status":"closed","ping_status":"open","template":"","meta":[],"product_brand":[],"product_cat":[80,79],"product_tag":[],"class_list":{"0":"post-5366","1":"product","2":"type-product","3":"status-publish","4":"has-post-thumbnail","6":"product_cat-dau-kep-nhiet-dinox","7":"product_cat-san-pham-dinox","9":"first","10":"instock","11":"product-type-simple"},"_links":{"self":[{"href":"https:\/\/www.wedoocorp.com\/en\/wp-json\/wp\/v2\/product\/5366","targetHints":{"allow":["GET"]}}],"collection":[{"href":"https:\/\/www.wedoocorp.com\/en\/wp-json\/wp\/v2\/product"}],"about":[{"href":"https:\/\/www.wedoocorp.com\/en\/wp-json\/wp\/v2\/types\/product"}],"replies":[{"embeddable":true,"href":"https:\/\/www.wedoocorp.com\/en\/wp-json\/wp\/v2\/comments?post=5366"}],"wp:featuredmedia":[{"embeddable":true,"href":"https:\/\/www.wedoocorp.com\/en\/wp-json\/wp\/v2\/media\/4648"}],"wp:attachment":[{"href":"https:\/\/www.wedoocorp.com\/en\/wp-json\/wp\/v2\/media?parent=5366"}],"wp:term":[{"taxonomy":"product_brand","embeddable":true,"href":"https:\/\/www.wedoocorp.com\/en\/wp-json\/wp\/v2\/product_brand?post=5366"},{"taxonomy":"product_cat","embeddable":true,"href":"https:\/\/www.wedoocorp.com\/en\/wp-json\/wp\/v2\/product_cat?post=5366"},{"taxonomy":"product_tag","embeddable":true,"href":"https:\/\/www.wedoocorp.com\/en\/wp-json\/wp\/v2\/product_tag?post=5366"}],"curies":[{"name":"wp","href":"https:\/\/api.w.org\/{rel}","templated":true}]}}