{"id":5354,"date":"2025-12-19T13:26:58","date_gmt":"2025-12-19T06:26:58","guid":{"rendered":"https:\/\/wedoocorp.com\/san-pham\/dau-sk-kep-dao-phay-thuy-luc\/"},"modified":"2025-12-19T13:27:19","modified_gmt":"2025-12-19T06:27:19","slug":"dau-sk-kep-dao-phay-thuy-luc","status":"publish","type":"product","link":"https:\/\/www.wedoocorp.com\/en\/san-pham\/dau-sk-kep-dao-phay-thuy-luc\/","title":{"rendered":"\u0110\u1ea7u SK k\u1eb9p dao phay th\u1ee7y l\u1ef1c"},"content":{"rendered":"<p>&#8211; D\u00f2ng \u0111\u1ea7u k\u1eb9p th\u1ee7y l\u1ef1c DHE \u0111\u01b0\u1ee3c t\u1ed1i \u01b0u cho gia c\u00f4ng khu\u00f4n m\u1eabu, linh ki\u1ec7n \u00f4 t\u00f4 v\u00e0 c\u00e1c chi ti\u1ebft ch\u00ednh x\u00e1c cao y\u00eau c\u1ea7u \u0111\u1ed9 ch\u00ednh x\u00e1c gia c\u00f4ng v\u01b0\u1ee3t tr\u1ed9i<br \/>\n&#8211; Gi\u00fap t\u0103ng tu\u1ed5i th\u1ecd d\u1ee5ng c\u1ee5 c\u1eaft nh\u1edd gi\u1ea3m m\u00e0i m\u00f2n v\u1edbi \u0111\u1ed9 ch\u00ednh x\u00e1c cao, gi\u1ea3m rung \u0111\u1ed9ng th\u00f4ng qua bu\u1ed3ng th\u1ee7y l\u1ef1c, t\u1eeb \u0111\u00f3 c\u1ea3i thi\u1ec7n \u0111\u1ed9 nh\u00e1m b\u1ec1 m\u1eb7t gia c\u00f4ng<br \/>\n&#8211; Ph\u01b0\u01a1ng ph\u00e1p th\u00e1o d\u1ee5ng c\u1ee5 b\u1eb1ng kh\u00f3a ch\u1eef T (T-wrench) gi\u00fap ng\u01b0\u1eddi v\u1eadn h\u00e0nh d\u1ec5 d\u00e0ng nh\u1ea3 k\u1eb9p<br \/>\n&#8211; Ph\u1ea1m vi k\u1eb9p dao \u00d8D=6-32mm<br \/>\n&#8211; S\u1eed d\u1ee5ng \u0111\u1ea7u k\u1eb9p SK40\/50<br \/>\n&#8211; T\u1ed1c \u0111\u1ed9 quay 25,000 rpm<br \/>\n<img decoding=\"async\" src=\"https:\/\/wedoocorp.com\/wp-content\/uploads\/2025\/12\/1zpiqYS8Z7Ja5y0HqwwPnOV9X495oUtI_.png\"><\/p>\n","protected":false},"excerpt":{"rendered":"<p>\u0110\u1ea7u SK k\u1eb9p dao phay th\u1ee7y l\u1ef1c SK-DHE DINOX<\/p>\n","protected":false},"featured_media":4641,"comment_status":"closed","ping_status":"open","template":"","meta":[],"product_brand":[],"product_cat":[78,79],"product_tag":[],"class_list":{"0":"post-5354","1":"product","2":"type-product","3":"status-publish","4":"has-post-thumbnail","6":"product_cat-dau-kep-thuy-luc-dinox","7":"product_cat-san-pham-dinox","9":"first","10":"instock","11":"product-type-simple"},"_links":{"self":[{"href":"https:\/\/www.wedoocorp.com\/en\/wp-json\/wp\/v2\/product\/5354","targetHints":{"allow":["GET"]}}],"collection":[{"href":"https:\/\/www.wedoocorp.com\/en\/wp-json\/wp\/v2\/product"}],"about":[{"href":"https:\/\/www.wedoocorp.com\/en\/wp-json\/wp\/v2\/types\/product"}],"replies":[{"embeddable":true,"href":"https:\/\/www.wedoocorp.com\/en\/wp-json\/wp\/v2\/comments?post=5354"}],"wp:featuredmedia":[{"embeddable":true,"href":"https:\/\/www.wedoocorp.com\/en\/wp-json\/wp\/v2\/media\/4641"}],"wp:attachment":[{"href":"https:\/\/www.wedoocorp.com\/en\/wp-json\/wp\/v2\/media?parent=5354"}],"wp:term":[{"taxonomy":"product_brand","embeddable":true,"href":"https:\/\/www.wedoocorp.com\/en\/wp-json\/wp\/v2\/product_brand?post=5354"},{"taxonomy":"product_cat","embeddable":true,"href":"https:\/\/www.wedoocorp.com\/en\/wp-json\/wp\/v2\/product_cat?post=5354"},{"taxonomy":"product_tag","embeddable":true,"href":"https:\/\/www.wedoocorp.com\/en\/wp-json\/wp\/v2\/product_tag?post=5354"}],"curies":[{"name":"wp","href":"https:\/\/api.w.org\/{rel}","templated":true}]}}