{"id":5339,"date":"2025-12-19T13:26:58","date_gmt":"2025-12-19T06:26:58","guid":{"rendered":"https:\/\/wedoocorp.com\/san-pham\/dau-bt-kep-dao-phay-thuy-luc\/"},"modified":"2025-12-19T13:27:03","modified_gmt":"2025-12-19T06:27:03","slug":"dau-bt-kep-dao-phay-thuy-luc","status":"publish","type":"product","link":"https:\/\/www.wedoocorp.com\/en\/san-pham\/dau-bt-kep-dao-phay-thuy-luc\/","title":{"rendered":"\u0110\u1ea7u BT k\u1eb9p dao phay th\u1ee7y l\u1ef1c"},"content":{"rendered":"<p>&#8211; D\u00f2ng \u0111\u1ea7u k\u1eb9p th\u1ee7y l\u1ef1c th\u00e2n m\u1ea3nh (slim hydraulic chuck) \u0111\u01b0\u1ee3c t\u1ed1i \u01b0u cho c\u00e1c qu\u00e1 tr\u00ecnh gia c\u00f4ng y\u00eau c\u1ea7u \u0111\u1ed9 nh\u00e1m b\u1ec1 m\u1eb7t ch\u1ea5t l\u01b0\u1ee3ng cao<br \/>\n&#8211; D\u00f2ng s\u1ea3n ph\u1ea9m n\u00e0y \u0111\u1eb7c bi\u1ec7t ph\u00f9 h\u1ee3p cho gia c\u00f4ng r\u00e3nh s\u00e2u tr\u00ean c\u00e1c chi ti\u1ebft d\u1ea1ng d\u00e0i. S\u1ea3n ph\u1ea9m \u0111\u01b0\u1ee3c t\u1ed1i \u01b0u chuy\u00ean bi\u1ec7t cho gia c\u00f4ng c\u00e1nh qu\u1ea1t (impeller) c\u00f3 gi\u00e1 tr\u1ecb gia t\u0103ng cao, gi\u00fap n\u00e2ng t\u1ea7m c\u00f4ng ngh\u1ec7 gia c\u00f4ng c\u1ee7a b\u1ea1n.<br \/>\n&#8211; \u0110\u01b0\u1ee3c thi\u1ebft k\u1ebf theo ti\u00eau chu\u1ea9n L = 3 \u00d7 \u00d8D, \u0111\u1ea1t \u0111\u1ed9 \u0111\u1ea3o: 5 \u03bcm (8 \u03bcm v\u1edbi lo\u1ea1i th\u00e2n d\u00e0i) cho l\u1ef1c k\u1eb9p \u1ed5n \u0111\u1ecbnh.<br \/>\n&#8211; C\u00f3 th\u1ec3 s\u1eed d\u1ee5ng v\u1edbi collet th\u1ee7y l\u1ef1c DHC g\u1ed3m c\u1ea3 lo\u1ea1i ti\u00eau chu\u1ea9n v\u00e0 lo\u1ea1i ch\u1ed1ng n\u01b0\u1edbc.<br \/>\n&#8211; Ph\u1ea1m vi k\u1eb9p dao \u00d8D=4-20mm<br \/>\n&#8211; S\u1eed d\u1ee5ng \u0111\u1ea7u k\u1eb9p BT30\/40\/50<br \/>\n&#8211; T\u1ed1c \u0111\u1ed9 quay 25,000 rpm<br \/>\n<img decoding=\"async\" src=\"https:\/\/wedoocorp.com\/wp-content\/uploads\/2025\/12\/1rnB_5bOEzYNKvW-g7EjgomsxOm4BiG8d.png\"><\/p>\n","protected":false},"excerpt":{"rendered":"<p>\u0110\u1ea7u BT k\u1eb9p dao phay th\u1ee7y l\u1ef1c BT-DHE\/S DINOX<\/p>\n","protected":false},"featured_media":4637,"comment_status":"closed","ping_status":"open","template":"","meta":[],"product_brand":[],"product_cat":[78,79],"product_tag":[],"class_list":{"0":"post-5339","1":"product","2":"type-product","3":"status-publish","4":"has-post-thumbnail","6":"product_cat-dau-kep-thuy-luc-dinox","7":"product_cat-san-pham-dinox","9":"first","10":"instock","11":"product-type-simple"},"_links":{"self":[{"href":"https:\/\/www.wedoocorp.com\/en\/wp-json\/wp\/v2\/product\/5339","targetHints":{"allow":["GET"]}}],"collection":[{"href":"https:\/\/www.wedoocorp.com\/en\/wp-json\/wp\/v2\/product"}],"about":[{"href":"https:\/\/www.wedoocorp.com\/en\/wp-json\/wp\/v2\/types\/product"}],"replies":[{"embeddable":true,"href":"https:\/\/www.wedoocorp.com\/en\/wp-json\/wp\/v2\/comments?post=5339"}],"wp:featuredmedia":[{"embeddable":true,"href":"https:\/\/www.wedoocorp.com\/en\/wp-json\/wp\/v2\/media\/4637"}],"wp:attachment":[{"href":"https:\/\/www.wedoocorp.com\/en\/wp-json\/wp\/v2\/media?parent=5339"}],"wp:term":[{"taxonomy":"product_brand","embeddable":true,"href":"https:\/\/www.wedoocorp.com\/en\/wp-json\/wp\/v2\/product_brand?post=5339"},{"taxonomy":"product_cat","embeddable":true,"href":"https:\/\/www.wedoocorp.com\/en\/wp-json\/wp\/v2\/product_cat?post=5339"},{"taxonomy":"product_tag","embeddable":true,"href":"https:\/\/www.wedoocorp.com\/en\/wp-json\/wp\/v2\/product_tag?post=5339"}],"curies":[{"name":"wp","href":"https:\/\/api.w.org\/{rel}","templated":true}]}}