{"id":5335,"date":"2025-12-19T13:26:58","date_gmt":"2025-12-19T06:26:58","guid":{"rendered":"https:\/\/wedoocorp.com\/san-pham\/dao-phay-dia-wind-mill-2\/"},"modified":"2025-12-19T13:27:00","modified_gmt":"2025-12-19T06:27:00","slug":"dao-phay-dia-wind-mill-2","status":"publish","type":"product","link":"https:\/\/www.wedoocorp.com\/en\/san-pham\/dao-phay-dia-wind-mill-2\/","title":{"rendered":"Dao phay \u0111\u0129a Wind Mill"},"content":{"rendered":"<p>&#8211; Dao phay \u0111\u0129a Wind Mill, phay c\u1ea1nh to\u00e0n ph\u1ea7n, lo\u1ea1i ph\u1eb3ng.<br \/>\n&#8211; \u0110\u01b0\u1eddng k\u00ednh \u0111\u0129a phay \u00d8D=80-250mm<br \/>\n&#8211; S\u1ed1 me c\u1eaft: 8-20 me<br \/>\n&#8211; \u0110\u0129a dao g\u1eafn m\u1ea3nh dao SNHT11\/SNHT12 v\u1edbi 4 l\u01b0\u1ee1i c\u1eaft<br \/>\n<img decoding=\"async\" src=\"https:\/\/wedoocorp.com\/wp-content\/uploads\/2025\/12\/1t0WYlFZV4i4OHewJKrAnC5-1fbkTD3h3.png\"><\/p>\n","protected":false},"excerpt":{"rendered":"<p>Dao phay \u0111\u0129a WFSP(M) KORLOY<\/p>\n","protected":false},"featured_media":4634,"comment_status":"closed","ping_status":"open","template":"","meta":[],"product_brand":[],"product_cat":[76,71],"product_tag":[],"class_list":{"0":"post-5335","1":"product","2":"type-product","3":"status-publish","4":"has-post-thumbnail","6":"product_cat-dao-phay-dia-korloy","7":"product_cat-san-pham-korloy","9":"first","10":"instock","11":"product-type-simple"},"_links":{"self":[{"href":"https:\/\/www.wedoocorp.com\/en\/wp-json\/wp\/v2\/product\/5335","targetHints":{"allow":["GET"]}}],"collection":[{"href":"https:\/\/www.wedoocorp.com\/en\/wp-json\/wp\/v2\/product"}],"about":[{"href":"https:\/\/www.wedoocorp.com\/en\/wp-json\/wp\/v2\/types\/product"}],"replies":[{"embeddable":true,"href":"https:\/\/www.wedoocorp.com\/en\/wp-json\/wp\/v2\/comments?post=5335"}],"wp:featuredmedia":[{"embeddable":true,"href":"https:\/\/www.wedoocorp.com\/en\/wp-json\/wp\/v2\/media\/4634"}],"wp:attachment":[{"href":"https:\/\/www.wedoocorp.com\/en\/wp-json\/wp\/v2\/media?parent=5335"}],"wp:term":[{"taxonomy":"product_brand","embeddable":true,"href":"https:\/\/www.wedoocorp.com\/en\/wp-json\/wp\/v2\/product_brand?post=5335"},{"taxonomy":"product_cat","embeddable":true,"href":"https:\/\/www.wedoocorp.com\/en\/wp-json\/wp\/v2\/product_cat?post=5335"},{"taxonomy":"product_tag","embeddable":true,"href":"https:\/\/www.wedoocorp.com\/en\/wp-json\/wp\/v2\/product_tag?post=5335"}],"curies":[{"name":"wp","href":"https:\/\/api.w.org\/{rel}","templated":true}]}}