{"id":5312,"date":"2025-12-19T13:26:03","date_gmt":"2025-12-19T06:26:03","guid":{"rendered":"https:\/\/wedoocorp.com\/san-pham\/dai-dao-phay-alpha-mill-x\/"},"modified":"2025-12-19T13:26:39","modified_gmt":"2025-12-19T06:26:39","slug":"dai-dao-phay-alpha-mill-x","status":"publish","type":"product","link":"https:\/\/www.wedoocorp.com\/en\/san-pham\/dai-dao-phay-alpha-mill-x\/","title":{"rendered":"\u0110\u00e0i dao phay Alpha Mill-X"},"content":{"rendered":"<p>&#8211; \u0110\u00e0i dao phay Alpha Mill-X, g\u00f3c l\u01b0\u1ee1i c\u1eaft 90\u00b0<br \/>\n&#8211; \u0110\u01b0\u1eddng k\u00ednh \u0111\u00e0i phay \u00d8D=40-80mm<br \/>\n&#8211; S\u1ed1 me c\u1eaft: 5-9 me<br \/>\n&#8211; \u0110\u00e0i dao g\u1eafn m\u1ea3nh dao ADKT10 v\u1edbi 2 l\u01b0\u1ee1i c\u1eaft<br \/>\n<img decoding=\"async\" src=\"https:\/\/wedoocorp.com\/wp-content\/uploads\/2025\/12\/1WE6ciwVlEt9GvicftBW6DIRsI_j8mYkY.png\"><\/p>\n","protected":false},"excerpt":{"rendered":"<p>\u0110\u00e0i dao phay AMXCM-AD10 KORLOY<\/p>\n","protected":false},"featured_media":4617,"comment_status":"closed","ping_status":"open","template":"","meta":[],"product_brand":[],"product_cat":[74,71],"product_tag":[],"class_list":{"0":"post-5312","1":"product","2":"type-product","3":"status-publish","4":"has-post-thumbnail","6":"product_cat-dai-dao-phay-korloy","7":"product_cat-san-pham-korloy","9":"first","10":"instock","11":"product-type-simple"},"_links":{"self":[{"href":"https:\/\/www.wedoocorp.com\/en\/wp-json\/wp\/v2\/product\/5312","targetHints":{"allow":["GET"]}}],"collection":[{"href":"https:\/\/www.wedoocorp.com\/en\/wp-json\/wp\/v2\/product"}],"about":[{"href":"https:\/\/www.wedoocorp.com\/en\/wp-json\/wp\/v2\/types\/product"}],"replies":[{"embeddable":true,"href":"https:\/\/www.wedoocorp.com\/en\/wp-json\/wp\/v2\/comments?post=5312"}],"wp:featuredmedia":[{"embeddable":true,"href":"https:\/\/www.wedoocorp.com\/en\/wp-json\/wp\/v2\/media\/4617"}],"wp:attachment":[{"href":"https:\/\/www.wedoocorp.com\/en\/wp-json\/wp\/v2\/media?parent=5312"}],"wp:term":[{"taxonomy":"product_brand","embeddable":true,"href":"https:\/\/www.wedoocorp.com\/en\/wp-json\/wp\/v2\/product_brand?post=5312"},{"taxonomy":"product_cat","embeddable":true,"href":"https:\/\/www.wedoocorp.com\/en\/wp-json\/wp\/v2\/product_cat?post=5312"},{"taxonomy":"product_tag","embeddable":true,"href":"https:\/\/www.wedoocorp.com\/en\/wp-json\/wp\/v2\/product_tag?post=5312"}],"curies":[{"name":"wp","href":"https:\/\/api.w.org\/{rel}","templated":true}]}}