{"id":5281,"date":"2025-12-19T13:26:03","date_gmt":"2025-12-19T06:26:03","guid":{"rendered":"https:\/\/wedoocorp.com\/san-pham\/dai-dao-phay-alpha-mill\/"},"modified":"2025-12-19T13:26:08","modified_gmt":"2025-12-19T06:26:08","slug":"dai-dao-phay-alpha-mill","status":"publish","type":"product","link":"https:\/\/www.wedoocorp.com\/en\/san-pham\/dai-dao-phay-alpha-mill\/","title":{"rendered":"\u0110\u00e0i dao phay Alpha Mill"},"content":{"rendered":"<p>&#8211; \u0110\u00e0i dao phay Alpha Mill, g\u00f3c l\u01b0\u1ee1i c\u1eaft 90\u00b0<br \/>\n&#8211; \u0110\u01b0\u1eddng k\u00ednh \u0111\u00e0i phay \u00d8D=32-63mm<br \/>\n&#8211; S\u1ed1 me c\u1eaft: 8-14 me<br \/>\n&#8211; \u0110\u00e0i dao g\u1eafn m\u1ea3nh dao APMT06 v\u1edbi 2 l\u01b0\u1ee1i c\u1eaft<br \/>\n<img decoding=\"async\" src=\"https:\/\/wedoocorp.com\/wp-content\/uploads\/2025\/12\/1zPHpuFKEJHwTHudO7nct5zEF87j_N6kN.png\"><\/p>\n","protected":false},"excerpt":{"rendered":"<p>\u0110\u00e0i dao phay AMC(M)1000S KORLOY<\/p>\n","protected":false},"featured_media":4597,"comment_status":"closed","ping_status":"open","template":"","meta":[],"product_brand":[],"product_cat":[74,71],"product_tag":[],"class_list":{"0":"post-5281","1":"product","2":"type-product","3":"status-publish","4":"has-post-thumbnail","6":"product_cat-dai-dao-phay-korloy","7":"product_cat-san-pham-korloy","9":"first","10":"instock","11":"product-type-simple"},"_links":{"self":[{"href":"https:\/\/www.wedoocorp.com\/en\/wp-json\/wp\/v2\/product\/5281","targetHints":{"allow":["GET"]}}],"collection":[{"href":"https:\/\/www.wedoocorp.com\/en\/wp-json\/wp\/v2\/product"}],"about":[{"href":"https:\/\/www.wedoocorp.com\/en\/wp-json\/wp\/v2\/types\/product"}],"replies":[{"embeddable":true,"href":"https:\/\/www.wedoocorp.com\/en\/wp-json\/wp\/v2\/comments?post=5281"}],"wp:featuredmedia":[{"embeddable":true,"href":"https:\/\/www.wedoocorp.com\/en\/wp-json\/wp\/v2\/media\/4597"}],"wp:attachment":[{"href":"https:\/\/www.wedoocorp.com\/en\/wp-json\/wp\/v2\/media?parent=5281"}],"wp:term":[{"taxonomy":"product_brand","embeddable":true,"href":"https:\/\/www.wedoocorp.com\/en\/wp-json\/wp\/v2\/product_brand?post=5281"},{"taxonomy":"product_cat","embeddable":true,"href":"https:\/\/www.wedoocorp.com\/en\/wp-json\/wp\/v2\/product_cat?post=5281"},{"taxonomy":"product_tag","embeddable":true,"href":"https:\/\/www.wedoocorp.com\/en\/wp-json\/wp\/v2\/product_tag?post=5281"}],"curies":[{"name":"wp","href":"https:\/\/api.w.org\/{rel}","templated":true}]}}