{"id":5145,"date":"2025-12-19T13:24:02","date_gmt":"2025-12-19T06:24:02","guid":{"rendered":"https:\/\/wedoocorp.com\/san-pham\/dai-dao-phay-rich-mill-9\/"},"modified":"2025-12-19T13:24:04","modified_gmt":"2025-12-19T06:24:04","slug":"dai-dao-phay-rich-mill-9","status":"publish","type":"product","link":"https:\/\/www.wedoocorp.com\/en\/san-pham\/dai-dao-phay-rich-mill-9\/","title":{"rendered":"\u0110\u00e0i dao phay Rich Mill"},"content":{"rendered":"<p>&#8211; \u0110\u00e0i dao phay Rich Mill, g\u00f3c l\u01b0\u1ee1i c\u1eaft 45\u00b0, k\u1eb9p m\u1edbi ki\u1ec3u latch<br \/>\n&#8211; \u0110\u01b0\u1eddng k\u00ednh \u0111\u00e0i phay \u00d8D=80-315mm<br \/>\n&#8211; S\u1ed1 me c\u1eaft: 5-28 me<br \/>\n&#8211; \u0110\u00e0i dao g\u1eafn m\u1ea3nh dao SN*X12(ANN) v\u1edbi 8 l\u01b0\u1ee1i c\u1eaft<br \/>\n<img decoding=\"async\" src=\"https:\/\/wedoocorp.com\/wp-content\/uploads\/2025\/12\/1_Rmp1yoq-HAtUGhMSsOANe-OBhJ7Ha1h.png\"><\/p>\n","protected":false},"excerpt":{"rendered":"<p>\u0110\u00e0i dao phay RMT8A(M)4000 KORLOY<\/p>\n","protected":false},"featured_media":4502,"comment_status":"closed","ping_status":"open","template":"","meta":[],"product_brand":[],"product_cat":[74,71],"product_tag":[],"class_list":{"0":"post-5145","1":"product","2":"type-product","3":"status-publish","4":"has-post-thumbnail","6":"product_cat-dai-dao-phay-korloy","7":"product_cat-san-pham-korloy","9":"first","10":"instock","11":"product-type-simple"},"_links":{"self":[{"href":"https:\/\/www.wedoocorp.com\/en\/wp-json\/wp\/v2\/product\/5145","targetHints":{"allow":["GET"]}}],"collection":[{"href":"https:\/\/www.wedoocorp.com\/en\/wp-json\/wp\/v2\/product"}],"about":[{"href":"https:\/\/www.wedoocorp.com\/en\/wp-json\/wp\/v2\/types\/product"}],"replies":[{"embeddable":true,"href":"https:\/\/www.wedoocorp.com\/en\/wp-json\/wp\/v2\/comments?post=5145"}],"wp:featuredmedia":[{"embeddable":true,"href":"https:\/\/www.wedoocorp.com\/en\/wp-json\/wp\/v2\/media\/4502"}],"wp:attachment":[{"href":"https:\/\/www.wedoocorp.com\/en\/wp-json\/wp\/v2\/media?parent=5145"}],"wp:term":[{"taxonomy":"product_brand","embeddable":true,"href":"https:\/\/www.wedoocorp.com\/en\/wp-json\/wp\/v2\/product_brand?post=5145"},{"taxonomy":"product_cat","embeddable":true,"href":"https:\/\/www.wedoocorp.com\/en\/wp-json\/wp\/v2\/product_cat?post=5145"},{"taxonomy":"product_tag","embeddable":true,"href":"https:\/\/www.wedoocorp.com\/en\/wp-json\/wp\/v2\/product_tag?post=5145"}],"curies":[{"name":"wp","href":"https:\/\/api.w.org\/{rel}","templated":true}]}}