{"id":5138,"date":"2025-12-19T13:23:19","date_gmt":"2025-12-19T06:23:19","guid":{"rendered":"https:\/\/wedoocorp.com\/san-pham\/dai-dao-phay-rich-mill-6\/"},"modified":"2025-12-19T13:23:54","modified_gmt":"2025-12-19T06:23:54","slug":"dai-dao-phay-rich-mill-6","status":"publish","type":"product","link":"https:\/\/www.wedoocorp.com\/en\/san-pham\/dai-dao-phay-rich-mill-6\/","title":{"rendered":"\u0110\u00e0i dao phay Rich Mill"},"content":{"rendered":"<p>&#8211; \u0110\u00e0i dao phay Rich Mill, g\u00f3c l\u01b0\u1ee1i c\u1eaft 45\u00b0<br \/>\n&#8211; \u0110\u01b0\u1eddng k\u00ednh \u0111\u00e0i phay \u00d8D=80-400mm<br \/>\n&#8211; S\u1ed1 me c\u1eaft: 6-28 me<br \/>\n&#8211; \u0110\u00e0i dao g\u1eafn m\u1ea3nh dao SN*X15(ANN) v\u1edbi 8 l\u01b0\u1ee1i c\u1eaft<br \/>\n<img decoding=\"async\" src=\"https:\/\/wedoocorp.com\/wp-content\/uploads\/2025\/12\/1j1opgZWg7Qhg0yk9ZJQzVNVj7gZAdpTL.png\"><\/p>\n","protected":false},"excerpt":{"rendered":"<p>\u0110\u00e0i dao phay RM8AC(M)5000 KORLOY<\/p>\n","protected":false},"featured_media":4495,"comment_status":"closed","ping_status":"open","template":"","meta":[],"product_brand":[],"product_cat":[74,71],"product_tag":[],"class_list":{"0":"post-5138","1":"product","2":"type-product","3":"status-publish","4":"has-post-thumbnail","6":"product_cat-dai-dao-phay-korloy","7":"product_cat-san-pham-korloy","9":"first","10":"instock","11":"product-type-simple"},"_links":{"self":[{"href":"https:\/\/www.wedoocorp.com\/en\/wp-json\/wp\/v2\/product\/5138","targetHints":{"allow":["GET"]}}],"collection":[{"href":"https:\/\/www.wedoocorp.com\/en\/wp-json\/wp\/v2\/product"}],"about":[{"href":"https:\/\/www.wedoocorp.com\/en\/wp-json\/wp\/v2\/types\/product"}],"replies":[{"embeddable":true,"href":"https:\/\/www.wedoocorp.com\/en\/wp-json\/wp\/v2\/comments?post=5138"}],"wp:featuredmedia":[{"embeddable":true,"href":"https:\/\/www.wedoocorp.com\/en\/wp-json\/wp\/v2\/media\/4495"}],"wp:attachment":[{"href":"https:\/\/www.wedoocorp.com\/en\/wp-json\/wp\/v2\/media?parent=5138"}],"wp:term":[{"taxonomy":"product_brand","embeddable":true,"href":"https:\/\/www.wedoocorp.com\/en\/wp-json\/wp\/v2\/product_brand?post=5138"},{"taxonomy":"product_cat","embeddable":true,"href":"https:\/\/www.wedoocorp.com\/en\/wp-json\/wp\/v2\/product_cat?post=5138"},{"taxonomy":"product_tag","embeddable":true,"href":"https:\/\/www.wedoocorp.com\/en\/wp-json\/wp\/v2\/product_tag?post=5138"}],"curies":[{"name":"wp","href":"https:\/\/api.w.org\/{rel}","templated":true}]}}