{"id":5068,"date":"2025-12-19T13:22:46","date_gmt":"2025-12-19T06:22:46","guid":{"rendered":"https:\/\/wedoocorp.com\/san-pham\/manh-dao-phay-future-mill-11\/"},"modified":"2025-12-19T13:23:07","modified_gmt":"2025-12-19T06:23:07","slug":"manh-dao-phay-future-mill-11","status":"publish","type":"product","link":"https:\/\/www.wedoocorp.com\/en\/san-pham\/manh-dao-phay-future-mill-11\/","title":{"rendered":"M\u1ea3nh dao phay Future Mill"},"content":{"rendered":"<p>&#8211; M\u1ea3nh dao phay Future Mill d\u1ea1ng tr\u00f2n, d\u00f9ng cho gia c\u00f4ng th\u01b0\u1eddng.<br \/>\n&#8211; K\u00edch th\u01b0\u1edbc ch\u00e8n 0803, 10T3, 1204, 1606, 2007<br \/>\n<img decoding=\"async\" src=\"https:\/\/wedoocorp.com\/wp-content\/uploads\/2025\/12\/1XfF1hQ78454VTxIGEClantL4-kmDA97A.png\"><\/p>\n","protected":false},"excerpt":{"rendered":"<p>M\u1ea3nh dao phay RPMT-MM KORLOY<\/p>\n","protected":false},"featured_media":4436,"comment_status":"closed","ping_status":"open","template":"","meta":[],"product_brand":[],"product_cat":[72,71],"product_tag":[],"class_list":{"0":"post-5068","1":"product","2":"type-product","3":"status-publish","4":"has-post-thumbnail","6":"product_cat-manh-dao-phay-korloy","7":"product_cat-san-pham-korloy","9":"first","10":"instock","11":"product-type-simple"},"_links":{"self":[{"href":"https:\/\/www.wedoocorp.com\/en\/wp-json\/wp\/v2\/product\/5068","targetHints":{"allow":["GET"]}}],"collection":[{"href":"https:\/\/www.wedoocorp.com\/en\/wp-json\/wp\/v2\/product"}],"about":[{"href":"https:\/\/www.wedoocorp.com\/en\/wp-json\/wp\/v2\/types\/product"}],"replies":[{"embeddable":true,"href":"https:\/\/www.wedoocorp.com\/en\/wp-json\/wp\/v2\/comments?post=5068"}],"wp:featuredmedia":[{"embeddable":true,"href":"https:\/\/www.wedoocorp.com\/en\/wp-json\/wp\/v2\/media\/4436"}],"wp:attachment":[{"href":"https:\/\/www.wedoocorp.com\/en\/wp-json\/wp\/v2\/media?parent=5068"}],"wp:term":[{"taxonomy":"product_brand","embeddable":true,"href":"https:\/\/www.wedoocorp.com\/en\/wp-json\/wp\/v2\/product_brand?post=5068"},{"taxonomy":"product_cat","embeddable":true,"href":"https:\/\/www.wedoocorp.com\/en\/wp-json\/wp\/v2\/product_cat?post=5068"},{"taxonomy":"product_tag","embeddable":true,"href":"https:\/\/www.wedoocorp.com\/en\/wp-json\/wp\/v2\/product_tag?post=5068"}],"curies":[{"name":"wp","href":"https:\/\/api.w.org\/{rel}","templated":true}]}}