{"id":4999,"date":"2025-12-19T13:22:11","date_gmt":"2025-12-19T06:22:11","guid":{"rendered":"https:\/\/wedoocorp.com\/san-pham\/manh-dao-phay-alpha-mill-10\/"},"modified":"2025-12-19T13:22:24","modified_gmt":"2025-12-19T06:22:24","slug":"manh-dao-phay-alpha-mill-10","status":"publish","type":"product","link":"https:\/\/www.wedoocorp.com\/en\/san-pham\/manh-dao-phay-alpha-mill-10\/","title":{"rendered":"M\u1ea3nh dao phay Alpha Mill"},"content":{"rendered":"<p>&#8211; M\u1ea3nh dao phay Alpha Mill v\u1edbi 2 l\u01b0\u1ee1i c\u1eaft, d\u00f9ng cho gia c\u00f4ng th\u00f4ng th\u01b0\u1eddng<br \/>\n&#8211; K\u00edch th\u01b0\u1edbc ch\u00e8n 0602, 11T3, 1604, 1806<br \/>\n<img decoding=\"async\" src=\"https:\/\/wedoocorp.com\/wp-content\/uploads\/2025\/12\/1gIcd550D-WDcCyi5xWSrr-JDXz0G0kU4.png\"><\/p>\n","protected":false},"excerpt":{"rendered":"<p>M\u1ea3nh dao phay APMT-MM KORLOY<\/p>\n","protected":false},"featured_media":4373,"comment_status":"closed","ping_status":"open","template":"","meta":[],"product_brand":[],"product_cat":[72,71],"product_tag":[],"class_list":{"0":"post-4999","1":"product","2":"type-product","3":"status-publish","4":"has-post-thumbnail","6":"product_cat-manh-dao-phay-korloy","7":"product_cat-san-pham-korloy","9":"first","10":"instock","11":"product-type-simple"},"_links":{"self":[{"href":"https:\/\/www.wedoocorp.com\/en\/wp-json\/wp\/v2\/product\/4999","targetHints":{"allow":["GET"]}}],"collection":[{"href":"https:\/\/www.wedoocorp.com\/en\/wp-json\/wp\/v2\/product"}],"about":[{"href":"https:\/\/www.wedoocorp.com\/en\/wp-json\/wp\/v2\/types\/product"}],"replies":[{"embeddable":true,"href":"https:\/\/www.wedoocorp.com\/en\/wp-json\/wp\/v2\/comments?post=4999"}],"wp:featuredmedia":[{"embeddable":true,"href":"https:\/\/www.wedoocorp.com\/en\/wp-json\/wp\/v2\/media\/4373"}],"wp:attachment":[{"href":"https:\/\/www.wedoocorp.com\/en\/wp-json\/wp\/v2\/media?parent=4999"}],"wp:term":[{"taxonomy":"product_brand","embeddable":true,"href":"https:\/\/www.wedoocorp.com\/en\/wp-json\/wp\/v2\/product_brand?post=4999"},{"taxonomy":"product_cat","embeddable":true,"href":"https:\/\/www.wedoocorp.com\/en\/wp-json\/wp\/v2\/product_cat?post=4999"},{"taxonomy":"product_tag","embeddable":true,"href":"https:\/\/www.wedoocorp.com\/en\/wp-json\/wp\/v2\/product_tag?post=4999"}],"curies":[{"name":"wp","href":"https:\/\/api.w.org\/{rel}","templated":true}]}}