{"id":4963,"date":"2025-12-19T13:21:45","date_gmt":"2025-12-19T06:21:45","guid":{"rendered":"https:\/\/wedoocorp.com\/san-pham\/manh-dao-phay-alpha-mill-x-2\/"},"modified":"2025-12-19T13:22:04","modified_gmt":"2025-12-19T06:22:04","slug":"manh-dao-phay-alpha-mill-x-2","status":"publish","type":"product","link":"https:\/\/www.wedoocorp.com\/en\/san-pham\/manh-dao-phay-alpha-mill-x-2\/","title":{"rendered":"M\u1ea3nh dao phay Alpha Mill-X"},"content":{"rendered":"<p>&#8211; M\u1ea3nh dao phay Alpha Mill-X v\u1edbi 2 l\u01b0\u1ee1i c\u1eaft g\u00f3c nghi\u00eang l\u1edbn, d\u00f9ng cho gia c\u00f4ng th\u00f4ng th\u01b0\u1eddng<br \/>\n&#8211; K\u00edch th\u01b0\u1edbc ch\u00e8n 10T304, 1204, 1706<br \/>\n&#8211; G\u00f3c r= 0.4, 0.8, 1.2, 1.6, 2.0mm<br \/>\n<img decoding=\"async\" src=\"https:\/\/wedoocorp.com\/wp-content\/uploads\/2025\/12\/1PNDSYh4-xTv9v_QPLx8Zn2QNKqQLetSi.png\"><\/p>\n","protected":false},"excerpt":{"rendered":"<p>M\u1ea3nh dao phay ADKT-MM KORLOY<\/p>\n","protected":false},"featured_media":4338,"comment_status":"closed","ping_status":"open","template":"","meta":[],"product_brand":[],"product_cat":[72,71],"product_tag":[],"class_list":{"0":"post-4963","1":"product","2":"type-product","3":"status-publish","4":"has-post-thumbnail","6":"product_cat-manh-dao-phay-korloy","7":"product_cat-san-pham-korloy","9":"first","10":"instock","11":"product-type-simple"},"_links":{"self":[{"href":"https:\/\/www.wedoocorp.com\/en\/wp-json\/wp\/v2\/product\/4963","targetHints":{"allow":["GET"]}}],"collection":[{"href":"https:\/\/www.wedoocorp.com\/en\/wp-json\/wp\/v2\/product"}],"about":[{"href":"https:\/\/www.wedoocorp.com\/en\/wp-json\/wp\/v2\/types\/product"}],"replies":[{"embeddable":true,"href":"https:\/\/www.wedoocorp.com\/en\/wp-json\/wp\/v2\/comments?post=4963"}],"wp:featuredmedia":[{"embeddable":true,"href":"https:\/\/www.wedoocorp.com\/en\/wp-json\/wp\/v2\/media\/4338"}],"wp:attachment":[{"href":"https:\/\/www.wedoocorp.com\/en\/wp-json\/wp\/v2\/media?parent=4963"}],"wp:term":[{"taxonomy":"product_brand","embeddable":true,"href":"https:\/\/www.wedoocorp.com\/en\/wp-json\/wp\/v2\/product_brand?post=4963"},{"taxonomy":"product_cat","embeddable":true,"href":"https:\/\/www.wedoocorp.com\/en\/wp-json\/wp\/v2\/product_cat?post=4963"},{"taxonomy":"product_tag","embeddable":true,"href":"https:\/\/www.wedoocorp.com\/en\/wp-json\/wp\/v2\/product_tag?post=4963"}],"curies":[{"name":"wp","href":"https:\/\/api.w.org\/{rel}","templated":true}]}}