{"id":4918,"date":"2025-12-19T13:21:14","date_gmt":"2025-12-19T06:21:14","guid":{"rendered":"https:\/\/wedoocorp.com\/san-pham\/manh-dao-tien-cat-ranh-8\/"},"modified":"2025-12-19T13:21:34","modified_gmt":"2025-12-19T06:21:34","slug":"manh-dao-tien-cat-ranh-8","status":"publish","type":"product","link":"https:\/\/www.wedoocorp.com\/en\/san-pham\/manh-dao-tien-cat-ranh-8\/","title":{"rendered":"M\u1ea3nh dao ti\u1ec7n c\u1eaft r\u00e3nh"},"content":{"rendered":"<p>&#8211; M\u1ea3nh dao ti\u1ec7n c\u1eaft r\u00e3nh MGT, 2 c\u1ea1nh c\u1eaft<br \/>\n&#8211; Chi\u1ec1u r\u1ed9ng l\u01b0\u1ee1i c\u1eaft b= 3.0mm<br \/>\n&#8211; Chi\u1ec1u d\u00e0i m\u1ea3nh c\u1eaft l= 18mm<br \/>\n&#8211; G\u00f3c r= 0.2mm<br \/>\n&#8211; Chuy\u00ean d\u00f9ng \u0111\u1ec3 gia c\u00f4ng t\u1ea1o r\u00e3nh.<br \/>\n<img decoding=\"async\" src=\"https:\/\/wedoocorp.com\/wp-content\/uploads\/2025\/12\/1n3c6BgakO5R6CZ72xFVgL8Dq2CNd1kid.png\"><\/p>\n","protected":false},"excerpt":{"rendered":"<p>M\u1ea3nh dao ti\u1ec7n c\u1eaft r\u00e3nh MFMN KORLOY<\/p>\n","protected":false},"featured_media":4294,"comment_status":"closed","ping_status":"open","template":"","meta":[],"product_brand":[],"product_cat":[68,71],"product_tag":[],"class_list":{"0":"post-4918","1":"product","2":"type-product","3":"status-publish","4":"has-post-thumbnail","6":"product_cat-manh-dao-tien-cat-ranh-korloy","7":"product_cat-san-pham-korloy","9":"first","10":"instock","11":"product-type-simple"},"_links":{"self":[{"href":"https:\/\/www.wedoocorp.com\/en\/wp-json\/wp\/v2\/product\/4918","targetHints":{"allow":["GET"]}}],"collection":[{"href":"https:\/\/www.wedoocorp.com\/en\/wp-json\/wp\/v2\/product"}],"about":[{"href":"https:\/\/www.wedoocorp.com\/en\/wp-json\/wp\/v2\/types\/product"}],"replies":[{"embeddable":true,"href":"https:\/\/www.wedoocorp.com\/en\/wp-json\/wp\/v2\/comments?post=4918"}],"wp:featuredmedia":[{"embeddable":true,"href":"https:\/\/www.wedoocorp.com\/en\/wp-json\/wp\/v2\/media\/4294"}],"wp:attachment":[{"href":"https:\/\/www.wedoocorp.com\/en\/wp-json\/wp\/v2\/media?parent=4918"}],"wp:term":[{"taxonomy":"product_brand","embeddable":true,"href":"https:\/\/www.wedoocorp.com\/en\/wp-json\/wp\/v2\/product_brand?post=4918"},{"taxonomy":"product_cat","embeddable":true,"href":"https:\/\/www.wedoocorp.com\/en\/wp-json\/wp\/v2\/product_cat?post=4918"},{"taxonomy":"product_tag","embeddable":true,"href":"https:\/\/www.wedoocorp.com\/en\/wp-json\/wp\/v2\/product_tag?post=4918"}],"curies":[{"name":"wp","href":"https:\/\/api.w.org\/{rel}","templated":true}]}}