{"id":4907,"date":"2025-12-19T13:21:14","date_gmt":"2025-12-19T06:21:14","guid":{"rendered":"https:\/\/wedoocorp.com\/san-pham\/manh-dao-tien-cat-ranh-4\/"},"modified":"2025-12-19T13:21:27","modified_gmt":"2025-12-19T06:21:27","slug":"manh-dao-tien-cat-ranh-4","status":"publish","type":"product","link":"https:\/\/www.wedoocorp.com\/en\/san-pham\/manh-dao-tien-cat-ranh-4\/","title":{"rendered":"M\u1ea3nh dao ti\u1ec7n c\u1eaft r\u00e3nh"},"content":{"rendered":"<p>&#8211; M\u1ea3nh dao ti\u1ec7n c\u1eaft r\u00e3nh KGT, 2 c\u1ea1nh c\u1eaft, d\u00f9ng cho gia c\u00f4ng bi\u00ean d\u1ea1ng profile.<br \/>\n&#8211; Chi\u1ec1u r\u1ed9ng l\u01b0\u1ee1i c\u1eaft b= 2.0-8.0mm<br \/>\n&#8211; Chi\u1ec1u d\u00e0i m\u1ea3nh c\u1eaft l= 16-30mm<br \/>\n&#8211; G\u00f3c r= 1.0, 1.5, 2.0, 2.5, 3.0, 4.0mm<br \/>\n&#8211; B\u1ed9 ph\u00e1 phoi chuy\u00ean d\u1ee5ng cho c\u1eaft \u0111\u1ee9t, gi\u00fap k\u00e9o d\u00e0i tu\u1ed5i th\u1ecd d\u1ee5ng c\u1ee5. H\u00ecnh d\u1ea1ng s\u1eafc b\u00e9n gi\u00fap gi\u1ea3m ba via.<br \/>\n<img decoding=\"async\" src=\"https:\/\/wedoocorp.com\/wp-content\/uploads\/2025\/12\/1SXtDVgmoKTo96obsiOnOv6n225X0QwAD.png\"><\/p>\n","protected":false},"excerpt":{"rendered":"<p>M\u1ea3nh dao ti\u1ec7n c\u1eaft r\u00e3nh KRMN-C KORLOY<\/p>\n","protected":false},"featured_media":4284,"comment_status":"closed","ping_status":"open","template":"","meta":[],"product_brand":[],"product_cat":[68,71],"product_tag":[],"class_list":{"0":"post-4907","1":"product","2":"type-product","3":"status-publish","4":"has-post-thumbnail","6":"product_cat-manh-dao-tien-cat-ranh-korloy","7":"product_cat-san-pham-korloy","9":"first","10":"instock","11":"product-type-simple"},"_links":{"self":[{"href":"https:\/\/www.wedoocorp.com\/en\/wp-json\/wp\/v2\/product\/4907","targetHints":{"allow":["GET"]}}],"collection":[{"href":"https:\/\/www.wedoocorp.com\/en\/wp-json\/wp\/v2\/product"}],"about":[{"href":"https:\/\/www.wedoocorp.com\/en\/wp-json\/wp\/v2\/types\/product"}],"replies":[{"embeddable":true,"href":"https:\/\/www.wedoocorp.com\/en\/wp-json\/wp\/v2\/comments?post=4907"}],"wp:featuredmedia":[{"embeddable":true,"href":"https:\/\/www.wedoocorp.com\/en\/wp-json\/wp\/v2\/media\/4284"}],"wp:attachment":[{"href":"https:\/\/www.wedoocorp.com\/en\/wp-json\/wp\/v2\/media?parent=4907"}],"wp:term":[{"taxonomy":"product_brand","embeddable":true,"href":"https:\/\/www.wedoocorp.com\/en\/wp-json\/wp\/v2\/product_brand?post=4907"},{"taxonomy":"product_cat","embeddable":true,"href":"https:\/\/www.wedoocorp.com\/en\/wp-json\/wp\/v2\/product_cat?post=4907"},{"taxonomy":"product_tag","embeddable":true,"href":"https:\/\/www.wedoocorp.com\/en\/wp-json\/wp\/v2\/product_tag?post=4907"}],"curies":[{"name":"wp","href":"https:\/\/api.w.org\/{rel}","templated":true}]}}